{"id":283,"date":"2025-08-21T17:20:09","date_gmt":"2025-08-21T17:20:09","guid":{"rendered":"https:\/\/www.kithimanimation.fr\/?page_id=283"},"modified":"2025-12-28T15:38:22","modified_gmt":"2025-12-28T14:38:22","slug":"sorties-encadrees","status":"publish","type":"page","link":"https:\/\/www.kithimanimation.fr\/index.php\/sorties-encadrees\/","title":{"rendered":"Sorties Encadr\u00e9es"},"content":{"rendered":"\t\t<div data-elementor-type=\"wp-page\" data-elementor-id=\"283\" class=\"elementor elementor-283\">\n\t\t\t\t\t\t<section class=\"elementor-section elementor-top-section elementor-element elementor-element-4f3af50f elementor-section-boxed elementor-section-height-default elementor-section-height-default\" data-id=\"4f3af50f\" data-element_type=\"section\" data-settings=\"{&quot;background_background&quot;:&quot;classic&quot;,&quot;shape_divider_top&quot;:&quot;clouds&quot;}\">\n\t\t\t\t\t<div class=\"elementor-shape elementor-shape-top\" aria-hidden=\"true\" data-negative=\"false\">\n\t\t\t<svg xmlns=\"http:\/\/www.w3.org\/2000\/svg\" viewBox=\"0 0 283.5 27.8\" preserveAspectRatio=\"xMidYMax slice\">\n  <path class=\"elementor-shape-fill\" d=\"M0 0v6.7c1.9-.8 4.7-1.4 8.5-1 9.5 1.1 11.1 6 11.1 6s2.1-.7 4.3-.2c2.1.5 2.8 2.6 2.8 2.6s.2-.5 1.4-.7c1.2-.2 1.7.2 1.7.2s0-2.1 1.9-2.8c1.9-.7 3.6.7 3.6.7s.7-2.9 3.1-4.1 4.7 0 4.7 0 1.2-.5 2.4 0 1.7 1.4 1.7 1.4h1.4c.7 0 1.2.7 1.2.7s.8-1.8 4-2.2c3.5-.4 5.3 2.4 6.2 4.4.4-.4 1-.7 1.8-.9 2.8-.7 4 .7 4 .7s1.7-5 11.1-6c9.5-1.1 12.3 3.9 12.3 3.9s1.2-4.8 5.7-5.7c4.5-.9 6.8 1.8 6.8 1.8s.6-.6 1.5-.9c.9-.2 1.9-.2 1.9-.2s5.2-6.4 12.6-3.3c7.3 3.1 4.7 9 4.7 9s1.9-.9 4 0 2.8 2.4 2.8 2.4 1.9-1.2 4.5-1.2 4.3 1.2 4.3 1.2.2-1 1.4-1.7 2.1-.7 2.1-.7-.5-3.1 2.1-5.5 5.7-1.4 5.7-1.4 1.5-2.3 4.2-1.1c2.7 1.2 1.7 5.2 1.7 5.2s.3-.1 1.3.5c.5.4.8.8.9 1.1.5-1.4 2.4-5.8 8.4-4 7.1 2.1 3.5 8.9 3.5 8.9s.8-.4 2 0 1.1 1.1 1.1 1.1 1.1-1.1 2.3-1.1 2.1.5 2.1.5 1.9-3.6 6.2-1.2 1.9 6.4 1.9 6.4 2.6-2.4 7.4 0c3.4 1.7 3.9 4.9 3.9 4.9s3.3-6.9 10.4-7.9 11.5 2.6 11.5 2.6.8 0 1.2.2c.4.2.9.9.9.9s4.4-3.1 8.3.2c1.9 1.7 1.5 5 1.5 5s.3-1.1 1.6-1.4c1.3-.3 2.3.2 2.3.2s-.1-1.2.5-1.9 1.9-.9 1.9-.9-4.7-9.3 4.4-13.4c5.6-2.5 9.2.9 9.2.9s5-6.2 15.9-6.2 16.1 8.1 16.1 8.1.7-.2 1.6-.4V0H0z\"\/>\n<\/svg>\n\t\t<\/div>\n\t\t\t\t\t<div class=\"elementor-container elementor-column-gap-default\">\n\t\t\t\t\t<div class=\"elementor-column elementor-col-100 elementor-top-column elementor-element elementor-element-2b7b243c\" data-id=\"2b7b243c\" data-element_type=\"column\">\n\t\t\t<div class=\"elementor-widget-wrap elementor-element-populated\">\n\t\t\t\t\t\t<div class=\"elementor-element elementor-element-73df481f elementor-widget elementor-widget-heading\" data-id=\"73df481f\" data-element_type=\"widget\" data-widget_type=\"heading.default\">\n\t\t\t\t\t<h2 class=\"elementor-heading-title elementor-size-default\">Kids Services : Anniversaires, Mariages &amp; Baby-sitting<\/h2>\t\t\t\t<\/div>\n\t\t\t\t<div class=\"elementor-element elementor-element-34a182b9 elementor-widget elementor-widget-text-editor\" data-id=\"34a182b9\" data-element_type=\"widget\" data-widget_type=\"text-editor.default\">\n\t\t\t\t\t\t\t\t\t<a href='\/'>\u2190 Retour \u00e0 l\u2019accueil<\/a> | <a href='\/#activites'>Voir toutes les activit\u00e9s<\/a>\t\t\t\t\t\t\t\t<\/div>\n\t\t\t\t\t<\/div>\n\t\t<\/div>\n\t\t\t\t\t<\/div>\n\t\t<\/section>\n\t\t\t\t<section class=\"elementor-section elementor-top-section elementor-element elementor-element-4f02f81 elementor-section-boxed elementor-section-height-default elementor-section-height-default\" data-id=\"4f02f81\" data-element_type=\"section\" data-settings=\"{&quot;background_background&quot;:&quot;classic&quot;,&quot;shape_divider_top&quot;:&quot;pyramids&quot;}\">\n\t\t\t\t\t<div class=\"elementor-shape elementor-shape-top\" aria-hidden=\"true\" data-negative=\"false\">\n\t\t\t<svg xmlns=\"http:\/\/www.w3.org\/2000\/svg\" viewBox=\"0 0 1000 100\" preserveAspectRatio=\"none\">\n\t<path class=\"elementor-shape-fill\" d=\"M761.9,44.1L643.1,27.2L333.8,98L0,3.8V0l1000,0v3.9\"\/>\n<\/svg>\t\t<\/div>\n\t\t\t\t\t<div class=\"elementor-container elementor-column-gap-default\">\n\t\t\t\t\t<div class=\"elementor-column elementor-col-100 elementor-top-column elementor-element elementor-element-225d14ee\" data-id=\"225d14ee\" data-element_type=\"column\">\n\t\t\t<div class=\"elementor-widget-wrap elementor-element-populated\">\n\t\t\t\t\t\t\t<\/div>\n\t\t<\/div>\n\t\t\t\t\t<\/div>\n\t\t<\/section>\n\t\t\t\t<section class=\"elementor-section elementor-top-section elementor-element elementor-element-5e3dccf0 elementor-section-boxed elementor-section-height-default elementor-section-height-default\" data-id=\"5e3dccf0\" data-element_type=\"section\" data-settings=\"{&quot;background_background&quot;:&quot;classic&quot;,&quot;shape_divider_top&quot;:&quot;triangle-asymmetrical&quot;}\">\n\t\t\t\t\t<div class=\"elementor-shape elementor-shape-top\" aria-hidden=\"true\" data-negative=\"false\">\n\t\t\t<svg xmlns=\"http:\/\/www.w3.org\/2000\/svg\" viewBox=\"0 0 1000 100\" preserveAspectRatio=\"none\">\n\t<path class=\"elementor-shape-fill\" d=\"M738,99l262-93V0H0v5.6L738,99z\"\/>\n<\/svg>\t\t<\/div>\n\t\t\t\t\t<div class=\"elementor-container elementor-column-gap-default\">\n\t\t\t\t\t<div class=\"elementor-column elementor-col-55 elementor-top-column elementor-element elementor-element-45649c38\" data-id=\"45649c38\" data-element_type=\"column\">\n\t\t\t<div class=\"elementor-widget-wrap elementor-element-populated\">\n\t\t\t\t\t\t<div class=\"elementor-element elementor-element-76cc06fd elementor-absolute elementor-widget elementor-widget-heading\" data-id=\"76cc06fd\" data-element_type=\"widget\" data-settings=\"{&quot;_position&quot;:&quot;absolute&quot;}\" data-widget_type=\"heading.default\">\n\t\t\t\t\t<h2 class=\"elementor-heading-title elementor-size-default\">Anniversaire Enfants<\/h2>\t\t\t\t<\/div>\n\t\t\t\t<div class=\"elementor-element elementor-element-33923de3 elementor-widget__width-initial elementor-widget elementor-widget-text-editor\" data-id=\"33923de3\" data-element_type=\"widget\" data-widget_type=\"text-editor.default\">\n\t\t\t\t\t\t\t\t\t<h5>\u00a0<\/h5><h5>Offrez \u00e0 votre enfant un anniversaire inoubliable !<\/h5><h5>J\u2019organise des animations ludiques, cr\u00e9atives et adapt\u00e9es \u00e0 chaque \u00e2ge : ateliers artistiques, jeux collectifs, d\u00e9fis sportifs, mini-shows musicaux<\/h5><h5>Chaque f\u00eate devient une exp\u00e9rience unique, pens\u00e9e pour que les enfants s\u2019amusent, d\u00e9couvrent et vibrent ensemble.<br data-start=\"579\" data-end=\"582\" \/>Avec plus de 10 ans d\u2019exp\u00e9rience aupr\u00e8s du jeune public, je cr\u00e9e un moment joyeux, s\u00e9curis\u00e9 et m\u00e9morable pour votre enfant et serein pour les parents.<\/h5><h5><span style=\"font-size: 16px; white-space-collapse: preserve;\">Tarif sur devis <\/span><\/h5>\t\t\t\t\t\t\t\t<\/div>\n\t\t\t\t\t<\/div>\n\t\t<\/div>\n\t\t\t\t<div class=\"elementor-column elementor-col-45 elementor-top-column elementor-element elementor-element-45373a7b\" data-id=\"45373a7b\" data-element_type=\"column\">\n\t\t\t<div class=\"elementor-widget-wrap elementor-element-populated\">\n\t\t\t\t\t\t<div class=\"elementor-element elementor-element-2cdcabb elementor-absolute elementor-widget elementor-widget-image\" data-id=\"2cdcabb\" data-element_type=\"widget\" data-settings=\"{&quot;_position&quot;:&quot;absolute&quot;}\" data-widget_type=\"image.default\">\n\t\t\t\t\t\t\t\t\t\t\t\t\t\t\t<img fetchpriority=\"high\" decoding=\"async\" width=\"800\" height=\"800\" src=\"https:\/\/www.kithimanimation.fr\/wp-content\/uploads\/2025\/12\/Gemini_Generated_Image_y5k7exy5k7exy5k7-1.png\" class=\"attachment-large size-large wp-image-1444\" alt=\"\" srcset=\"https:\/\/www.kithimanimation.fr\/wp-content\/uploads\/2025\/12\/Gemini_Generated_Image_y5k7exy5k7exy5k7-1.png 1024w, https:\/\/www.kithimanimation.fr\/wp-content\/uploads\/2025\/12\/Gemini_Generated_Image_y5k7exy5k7exy5k7-1-300x300.png 300w, https:\/\/www.kithimanimation.fr\/wp-content\/uploads\/2025\/12\/Gemini_Generated_Image_y5k7exy5k7exy5k7-1-150x150.png 150w, https:\/\/www.kithimanimation.fr\/wp-content\/uploads\/2025\/12\/Gemini_Generated_Image_y5k7exy5k7exy5k7-1-768x768.png 768w\" sizes=\"(max-width: 800px) 100vw, 800px\" \/>\t\t\t\t\t\t\t\t\t\t\t\t\t\t\t<\/div>\n\t\t\t\t\t<\/div>\n\t\t<\/div>\n\t\t\t\t\t<\/div>\n\t\t<\/section>\n\t\t\t\t<section class=\"elementor-section elementor-top-section elementor-element elementor-element-6dc900b5 elementor-section-boxed elementor-section-height-default elementor-section-height-default\" data-id=\"6dc900b5\" data-element_type=\"section\" data-settings=\"{&quot;background_background&quot;:&quot;classic&quot;,&quot;shape_divider_top&quot;:&quot;pyramids&quot;}\">\n\t\t\t\t\t<div class=\"elementor-shape elementor-shape-top\" aria-hidden=\"true\" data-negative=\"false\">\n\t\t\t<svg xmlns=\"http:\/\/www.w3.org\/2000\/svg\" viewBox=\"0 0 1000 100\" preserveAspectRatio=\"none\">\n\t<path class=\"elementor-shape-fill\" d=\"M761.9,44.1L643.1,27.2L333.8,98L0,3.8V0l1000,0v3.9\"\/>\n<\/svg>\t\t<\/div>\n\t\t\t\t\t<div class=\"elementor-container elementor-column-gap-default\">\n\t\t\t\t\t<div class=\"elementor-column elementor-col-100 elementor-top-column elementor-element elementor-element-299ec30a\" data-id=\"299ec30a\" data-element_type=\"column\">\n\t\t\t<div class=\"elementor-widget-wrap elementor-element-populated\">\n\t\t\t\t\t\t<div class=\"elementor-element elementor-element-4e47190 elementor-widget__width-initial elementor-widget elementor-widget-heading\" data-id=\"4e47190\" data-element_type=\"widget\" data-widget_type=\"heading.default\">\n\t\t\t\t\t<h2 class=\"elementor-heading-title elementor-size-default\">Garde d'enfant \/Animation Mariage <\/h2>\t\t\t\t<\/div>\n\t\t\t\t<div class=\"elementor-element elementor-element-3fc48df elementor-drop-cap-yes elementor-widget__width-initial elementor-drop-cap-view-default elementor-widget elementor-widget-text-editor\" data-id=\"3fc48df\" data-element_type=\"widget\" data-settings=\"{&quot;drop_cap&quot;:&quot;yes&quot;}\" data-widget_type=\"text-editor.default\">\n\t\t\t\t\t\t\t\t\t<h5>\u00a0<\/h5><h5>Animation Garde d&rsquo;enfant Mariage Pendant que vous vivez votre journ\u00e9e exceptionnelle en toute tranquillit\u00e9, j\u2019accompagne les enfants avec une animation douce, qualitative et bienveillante.<\/h5><h5>Je propose bien plus qu\u2019une simple pr\u00e9sence : jeux, ateliers cr\u00e9atifs, activit\u00e9s musicales, petites histoires, temps calmes\u2026 Une vraie bulle de joie sp\u00e9cialement pens\u00e9e pour eux.<\/h5><h5>Travaillant avec les wedding planners, je m\u2019assure que les enfants passent une journ\u00e9e aussi magique que celle des adultes, tout en respectant le rythme et les besoins de chacun.\u200b<\/h5>\t\t\t\t\t\t\t\t<\/div>\n\t\t\t\t<div class=\"elementor-element elementor-element-70754fe elementor-absolute elementor-widget elementor-widget-image\" data-id=\"70754fe\" data-element_type=\"widget\" data-settings=\"{&quot;_position&quot;:&quot;absolute&quot;}\" data-widget_type=\"image.default\">\n\t\t\t\t\t\t\t\t\t\t\t\t\t\t\t<img decoding=\"async\" width=\"767\" height=\"811\" src=\"https:\/\/www.kithimanimation.fr\/wp-content\/uploads\/2025\/12\/Gemini_Generated_Image_43wjxq43wjxq43wj.jpg\" class=\"attachment-medium_large size-medium_large wp-image-1449\" alt=\"\" srcset=\"https:\/\/www.kithimanimation.fr\/wp-content\/uploads\/2025\/12\/Gemini_Generated_Image_43wjxq43wjxq43wj.jpg 767w, https:\/\/www.kithimanimation.fr\/wp-content\/uploads\/2025\/12\/Gemini_Generated_Image_43wjxq43wjxq43wj-284x300.jpg 284w\" sizes=\"(max-width: 767px) 100vw, 767px\" \/>\t\t\t\t\t\t\t\t\t\t\t\t\t\t\t<\/div>\n\t\t\t\t\t<\/div>\n\t\t<\/div>\n\t\t\t\t\t<\/div>\n\t\t<\/section>\n\t\t\t\t<section class=\"elementor-section elementor-top-section elementor-element elementor-element-558c7a12 elementor-section-boxed elementor-section-height-default elementor-section-height-default\" data-id=\"558c7a12\" data-element_type=\"section\" data-settings=\"{&quot;background_background&quot;:&quot;classic&quot;}\">\n\t\t\t\t\t\t<div class=\"elementor-container elementor-column-gap-default\">\n\t\t\t\t\t<div class=\"elementor-column elementor-col-100 elementor-top-column elementor-element elementor-element-eba6d1d\" data-id=\"eba6d1d\" data-element_type=\"column\">\n\t\t\t<div class=\"elementor-widget-wrap\">\n\t\t\t\t\t\t\t<\/div>\n\t\t<\/div>\n\t\t\t\t\t<\/div>\n\t\t<\/section>\n\t\t\t\t<section class=\"elementor-section elementor-top-section elementor-element elementor-element-6ea295bc elementor-section-boxed elementor-section-height-default elementor-section-height-default\" data-id=\"6ea295bc\" data-element_type=\"section\" data-settings=\"{&quot;background_background&quot;:&quot;classic&quot;,&quot;shape_divider_top&quot;:&quot;triangle-asymmetrical&quot;}\">\n\t\t\t\t\t<div class=\"elementor-shape elementor-shape-top\" aria-hidden=\"true\" data-negative=\"false\">\n\t\t\t<svg xmlns=\"http:\/\/www.w3.org\/2000\/svg\" viewBox=\"0 0 1000 100\" preserveAspectRatio=\"none\">\n\t<path class=\"elementor-shape-fill\" d=\"M738,99l262-93V0H0v5.6L738,99z\"\/>\n<\/svg>\t\t<\/div>\n\t\t\t\t\t<div class=\"elementor-container elementor-column-gap-default\">\n\t\t\t\t\t<div class=\"elementor-column elementor-col-55 elementor-top-column elementor-element elementor-element-486cb83c\" data-id=\"486cb83c\" data-element_type=\"column\">\n\t\t\t<div class=\"elementor-widget-wrap elementor-element-populated\">\n\t\t\t\t\t\t\t<\/div>\n\t\t<\/div>\n\t\t\t\t<div class=\"elementor-column elementor-col-45 elementor-top-column elementor-element elementor-element-45b82fbe\" data-id=\"45b82fbe\" data-element_type=\"column\">\n\t\t\t<div class=\"elementor-widget-wrap elementor-element-populated\">\n\t\t\t\t\t\t<div class=\"elementor-element elementor-element-33d21349 elementor-widget__width-initial elementor-absolute elementor-widget elementor-widget-image\" data-id=\"33d21349\" data-element_type=\"widget\" data-settings=\"{&quot;_position&quot;:&quot;absolute&quot;}\" data-widget_type=\"image.default\">\n\t\t\t\t\t\t\t\t\t\t\t\t\t\t\t<img decoding=\"async\" width=\"150\" height=\"150\" src=\"https:\/\/www.kithimanimation.fr\/wp-content\/uploads\/2025\/08\/ChatGPT-Image-27-aout-2025-15_51_56-150x150.png\" class=\"attachment-thumbnail size-thumbnail wp-image-401\" alt=\"\" \/>\t\t\t\t\t\t\t\t\t\t\t\t\t\t\t<\/div>\n\t\t\t\t\t<\/div>\n\t\t<\/div>\n\t\t\t\t\t<\/div>\n\t\t<\/section>\n\t\t\t\t<section class=\"elementor-section elementor-top-section elementor-element elementor-element-33b9979 elementor-section-boxed elementor-section-height-default elementor-section-height-default\" data-id=\"33b9979\" data-element_type=\"section\" data-settings=\"{&quot;background_background&quot;:&quot;classic&quot;}\">\n\t\t\t\t\t\t<div class=\"elementor-container elementor-column-gap-default\">\n\t\t\t\t\t<div class=\"elementor-column elementor-col-100 elementor-top-column elementor-element elementor-element-6f378a01\" data-id=\"6f378a01\" data-element_type=\"column\">\n\t\t\t<div class=\"elementor-widget-wrap elementor-element-populated\">\n\t\t\t\t\t\t<div class=\"elementor-element elementor-element-6ce70c5a elementor-widget elementor-widget-heading\" data-id=\"6ce70c5a\" data-element_type=\"widget\" data-widget_type=\"heading.default\">\n\t\t\t\t\t<h2 class=\"elementor-heading-title elementor-size-default\">Autres activit\u00e9s possibles<\/h2>\t\t\t\t<\/div>\n\t\t\t\t<div class=\"elementor-element elementor-element-4064b9de elementor-widget elementor-widget-text-editor\" data-id=\"4064b9de\" data-element_type=\"widget\" data-widget_type=\"text-editor.default\">\n\t\t\t\t\t\t\t\t\t<p>\u00a0<\/p><p>Selon l\u2019\u00e2ge, le niveau et les envies des enfants, on peut imaginer d\u2019autres sorties : Baby sitting , roller,s\u00e9ance de sport , stretching .. Parlons\u2011en ! Je m\u2019adapte et je propose un cadre s\u00e9curisant et motivant<\/p>\t\t\t\t\t\t\t\t<\/div>\n\t\t\t\t<div class=\"elementor-element elementor-element-71f06f07 elementor-widget elementor-widget-button\" data-id=\"71f06f07\" data-element_type=\"widget\" data-widget_type=\"button.default\">\n\t\t\t\t\t\t\t\t\t\t<a class=\"elementor-button elementor-button-link elementor-size-sm\" href=\"https:\/\/www.kithimanimation.fr\/index.php\/contact-kithim\/\">\n\t\t\t\t\t\t<span class=\"elementor-button-content-wrapper\">\n\t\t\t\t\t\t\t\t\t<span class=\"elementor-button-text\">Demander une r\u00e9servation<\/span>\n\t\t\t\t\t<\/span>\n\t\t\t\t\t<\/a>\n\t\t\t\t\t\t\t\t<\/div>\n\t\t\t\t\t<\/div>\n\t\t<\/div>\n\t\t\t\t\t<\/div>\n\t\t<\/section>\n\t\t<div class=\"elementor-element elementor-element-L8S81T4 e-flex e-con-boxed e-con e-parent\" data-id=\"L8S81T4\" data-element_type=\"container\">\n\t\t\t\t\t<div class=\"e-con-inner\">\n\t\t\t\t<div class=\"elementor-element elementor-element-DQhES3Q elementor-widget elementor-widget-heading\" data-id=\"DQhES3Q\" data-element_type=\"widget\" data-widget_type=\"heading.default\">\n\t\t\t\t\t<h1 class=\"elementor-heading-title elementor-size-default\">Ce que disent les parents<\/h1>\t\t\t\t<\/div>\n\t\t<div class=\"elementor-element elementor-element-bADW3Zz e-flex e-con-boxed e-con e-child\" data-id=\"bADW3Zz\" data-element_type=\"container\">\n\t\t\t\t\t<div class=\"e-con-inner\">\n\t\t\t\t<div class=\"elementor-element elementor-element-wLRq1wi elementor-widget-tablet__width-initial elementor-widget-mobile__width-inherit elementor-widget elementor-widget-testimonial\" data-id=\"wLRq1wi\" data-element_type=\"widget\" data-widget_type=\"testimonial.default\">\n\t\t\t\t\t\t\t<div class=\"elementor-testimonial-wrapper\">\n\t\t\t\t\t\t\t<div class=\"elementor-testimonial-content\">\"Notre enfant n'a jamais \u00e9t\u00e9 aussi enthousiaste \u00e0 l'id\u00e9e de sortir ! Les activit\u00e9s sont vari\u00e9es et s\u00e9curis\u00e9es. Il a fait de grands progr\u00e8s en un temps record.\"<\/div>\n\t\t\t\n\t\t\t\t\t\t<div class=\"elementor-testimonial-meta elementor-has-image elementor-testimonial-image-position-aside\">\n\t\t\t\t<div class=\"elementor-testimonial-meta-inner\">\n\t\t\t\t\t\t\t\t\t\t\t<div class=\"elementor-testimonial-image\">\n\t\t\t\t\t\t\t<img loading=\"lazy\" decoding=\"async\" width=\"300\" height=\"300\" src=\"https:\/\/www.kithimanimation.fr\/wp-content\/uploads\/2025\/09\/IMG_9537-300x300.jpeg\" class=\"attachment-medium size-medium wp-image-808\" alt=\"\" srcset=\"https:\/\/www.kithimanimation.fr\/wp-content\/uploads\/2025\/09\/IMG_9537-300x300.jpeg 300w, https:\/\/www.kithimanimation.fr\/wp-content\/uploads\/2025\/09\/IMG_9537-150x150.jpeg 150w, https:\/\/www.kithimanimation.fr\/wp-content\/uploads\/2025\/09\/IMG_9537.jpeg 768w\" sizes=\"(max-width: 300px) 100vw, 300px\" \/>\t\t\t\t\t\t<\/div>\n\t\t\t\t\t\n\t\t\t\t\t\t\t\t\t\t<div class=\"elementor-testimonial-details\">\n\t\t\t\t\t\t\t\t\t\t\t\t\t\t<div class=\"elementor-testimonial-name\">Sophie L.<\/div>\n\t\t\t\t\t\t\t\t\t\t\t\t\t\t\t\t\t\t\t<\/div>\n\t\t\t\t\t\t\t\t\t<\/div>\n\t\t\t<\/div>\n\t\t\t\t\t<\/div>\n\t\t\t\t\t\t<\/div>\n\t\t\t\t<div class=\"elementor-element elementor-element-DzepOJ0 elementor-widget-tablet__width-initial elementor-widget-mobile__width-inherit elementor-widget elementor-widget-testimonial\" data-id=\"DzepOJ0\" data-element_type=\"widget\" data-widget_type=\"testimonial.default\">\n\t\t\t\t\t\t\t<div class=\"elementor-testimonial-wrapper\">\n\t\t\t\t\t\t\t<div class=\"elementor-testimonial-content\">\"L'encadrement est exceptionnel. Mon fils a gagn\u00e9 en confiance \u00e0 chaque sortie. Merci Kithim !\"<\/div>\n\t\t\t\n\t\t\t\t\t\t<div class=\"elementor-testimonial-meta elementor-has-image elementor-testimonial-image-position-aside\">\n\t\t\t\t<div class=\"elementor-testimonial-meta-inner\">\n\t\t\t\t\t\t\t\t\t\t\t<div class=\"elementor-testimonial-image\">\n\t\t\t\t\t\t\t<img loading=\"lazy\" decoding=\"async\" width=\"272\" height=\"300\" src=\"https:\/\/www.kithimanimation.fr\/wp-content\/uploads\/2025\/09\/IMG_1051-272x300.jpeg\" class=\"attachment-medium size-medium wp-image-809\" alt=\"\" srcset=\"https:\/\/www.kithimanimation.fr\/wp-content\/uploads\/2025\/09\/IMG_1051-272x300.jpeg 272w, https:\/\/www.kithimanimation.fr\/wp-content\/uploads\/2025\/09\/IMG_1051.jpeg 750w\" sizes=\"(max-width: 272px) 100vw, 272px\" \/>\t\t\t\t\t\t<\/div>\n\t\t\t\t\t\n\t\t\t\t\t\t\t\t\t\t<div class=\"elementor-testimonial-details\">\n\t\t\t\t\t\t\t\t\t\t\t\t\t\t<div class=\"elementor-testimonial-name\">Julien M.<\/div>\n\t\t\t\t\t\t\t\t\t\t\t\t\t\t\t\t\t\t\t<\/div>\n\t\t\t\t\t\t\t\t\t<\/div>\n\t\t\t<\/div>\n\t\t\t\t\t<\/div>\n\t\t\t\t\t\t<\/div>\n\t\t\t\t\t<\/div>\n\t\t\t\t<\/div>\n\t\t\t\t\t<\/div>\n\t\t\t\t<\/div>\n\t\t<div class=\"elementor-element elementor-element-ad828db e-flex e-con-boxed e-con e-parent\" data-id=\"ad828db\" data-element_type=\"container\">\n\t\t\t\t\t<div class=\"e-con-inner\">\n\t\t\t\t\t<\/div>\n\t\t\t\t<\/div>\n\t\t<div class=\"elementor-element elementor-element-447af6e e-flex e-con-boxed e-con e-parent\" data-id=\"447af6e\" data-element_type=\"container\">\n\t\t\t\t\t<div class=\"e-con-inner\">\n\t\t\t\t\t<\/div>\n\t\t\t\t<\/div>\n\t\t<div class=\"elementor-element elementor-element-cc32703 e-flex e-con-boxed e-con e-parent\" data-id=\"cc32703\" data-element_type=\"container\">\n\t\t\t\t\t<div class=\"e-con-inner\">\n\t\t\t\t\t<\/div>\n\t\t\t\t<\/div>\n\t\t\t\t<\/div>\n\t\t","protected":false},"excerpt":{"rendered":"<p>Kids Services : Anniversaires, Mariages &amp; Baby-sitting \u2190 Retour \u00e0 l\u2019accueil | Voir toutes les activit\u00e9s Anniversaire Enfants \u00a0 Offrez \u00e0 votre enfant un anniversaire inoubliable ! J\u2019organise des animations ludiques, cr\u00e9atives et adapt\u00e9es \u00e0 chaque \u00e2ge : ateliers artistiques, jeux collectifs, d\u00e9fis sportifs, mini-shows musicaux Chaque f\u00eate devient une exp\u00e9rience unique, pens\u00e9e pour que [&hellip;]<\/p>\n","protected":false},"author":1,"featured_media":0,"parent":0,"menu_order":0,"comment_status":"closed","ping_status":"closed","template":"","meta":{"footnotes":""},"class_list":["post-283","page","type-page","status-publish","hentry"],"_links":{"self":[{"href":"https:\/\/www.kithimanimation.fr\/index.php\/wp-json\/wp\/v2\/pages\/283","targetHints":{"allow":["GET"]}}],"collection":[{"href":"https:\/\/www.kithimanimation.fr\/index.php\/wp-json\/wp\/v2\/pages"}],"about":[{"href":"https:\/\/www.kithimanimation.fr\/index.php\/wp-json\/wp\/v2\/types\/page"}],"author":[{"embeddable":true,"href":"https:\/\/www.kithimanimation.fr\/index.php\/wp-json\/wp\/v2\/users\/1"}],"replies":[{"embeddable":true,"href":"https:\/\/www.kithimanimation.fr\/index.php\/wp-json\/wp\/v2\/comments?post=283"}],"version-history":[{"count":162,"href":"https:\/\/www.kithimanimation.fr\/index.php\/wp-json\/wp\/v2\/pages\/283\/revisions"}],"predecessor-version":[{"id":1532,"href":"https:\/\/www.kithimanimation.fr\/index.php\/wp-json\/wp\/v2\/pages\/283\/revisions\/1532"}],"wp:attachment":[{"href":"https:\/\/www.kithimanimation.fr\/index.php\/wp-json\/wp\/v2\/media?parent=283"}],"curies":[{"name":"wp","href":"https:\/\/api.w.org\/{rel}","templated":true}]}}