{"id":281,"date":"2025-08-21T17:19:59","date_gmt":"2025-08-21T17:19:59","guid":{"rendered":"https:\/\/www.kithimanimation.fr\/?page_id=281"},"modified":"2025-11-07T18:40:40","modified_gmt":"2025-11-07T17:40:40","slug":"cours-danglais","status":"publish","type":"page","link":"https:\/\/www.kithimanimation.fr\/index.php\/cours-danglais\/","title":{"rendered":"Cours d&rsquo;anglais"},"content":{"rendered":"\t\t<div data-elementor-type=\"wp-page\" data-elementor-id=\"281\" class=\"elementor elementor-281\">\n\t\t\t\t\t\t<section class=\"elementor-section elementor-top-section elementor-element elementor-element-4181bb8c elementor-section-boxed elementor-section-height-default elementor-section-height-default\" data-id=\"4181bb8c\" data-element_type=\"section\" data-settings=\"{&quot;background_background&quot;:&quot;classic&quot;,&quot;shape_divider_top&quot;:&quot;clouds&quot;}\">\n\t\t\t\t\t<div class=\"elementor-shape elementor-shape-top\" aria-hidden=\"true\" data-negative=\"false\">\n\t\t\t<svg xmlns=\"http:\/\/www.w3.org\/2000\/svg\" viewBox=\"0 0 283.5 27.8\" preserveAspectRatio=\"xMidYMax slice\">\n  <path class=\"elementor-shape-fill\" d=\"M0 0v6.7c1.9-.8 4.7-1.4 8.5-1 9.5 1.1 11.1 6 11.1 6s2.1-.7 4.3-.2c2.1.5 2.8 2.6 2.8 2.6s.2-.5 1.4-.7c1.2-.2 1.7.2 1.7.2s0-2.1 1.9-2.8c1.9-.7 3.6.7 3.6.7s.7-2.9 3.1-4.1 4.7 0 4.7 0 1.2-.5 2.4 0 1.7 1.4 1.7 1.4h1.4c.7 0 1.2.7 1.2.7s.8-1.8 4-2.2c3.5-.4 5.3 2.4 6.2 4.4.4-.4 1-.7 1.8-.9 2.8-.7 4 .7 4 .7s1.7-5 11.1-6c9.5-1.1 12.3 3.9 12.3 3.9s1.2-4.8 5.7-5.7c4.5-.9 6.8 1.8 6.8 1.8s.6-.6 1.5-.9c.9-.2 1.9-.2 1.9-.2s5.2-6.4 12.6-3.3c7.3 3.1 4.7 9 4.7 9s1.9-.9 4 0 2.8 2.4 2.8 2.4 1.9-1.2 4.5-1.2 4.3 1.2 4.3 1.2.2-1 1.4-1.7 2.1-.7 2.1-.7-.5-3.1 2.1-5.5 5.7-1.4 5.7-1.4 1.5-2.3 4.2-1.1c2.7 1.2 1.7 5.2 1.7 5.2s.3-.1 1.3.5c.5.4.8.8.9 1.1.5-1.4 2.4-5.8 8.4-4 7.1 2.1 3.5 8.9 3.5 8.9s.8-.4 2 0 1.1 1.1 1.1 1.1 1.1-1.1 2.3-1.1 2.1.5 2.1.5 1.9-3.6 6.2-1.2 1.9 6.4 1.9 6.4 2.6-2.4 7.4 0c3.4 1.7 3.9 4.9 3.9 4.9s3.3-6.9 10.4-7.9 11.5 2.6 11.5 2.6.8 0 1.2.2c.4.2.9.9.9.9s4.4-3.1 8.3.2c1.9 1.7 1.5 5 1.5 5s.3-1.1 1.6-1.4c1.3-.3 2.3.2 2.3.2s-.1-1.2.5-1.9 1.9-.9 1.9-.9-4.7-9.3 4.4-13.4c5.6-2.5 9.2.9 9.2.9s5-6.2 15.9-6.2 16.1 8.1 16.1 8.1.7-.2 1.6-.4V0H0z\"\/>\n<\/svg>\n\t\t<\/div>\n\t\t\t\t\t<div class=\"elementor-container elementor-column-gap-default\">\n\t\t\t\t\t<div class=\"elementor-column elementor-col-55 elementor-top-column elementor-element elementor-element-586560c0\" data-id=\"586560c0\" data-element_type=\"column\">\n\t\t\t<div class=\"elementor-widget-wrap elementor-element-populated\">\n\t\t\t\t\t\t<div class=\"elementor-element elementor-element-1d0381f6 elementor-widget elementor-widget-heading\" data-id=\"1d0381f6\" data-element_type=\"widget\" data-widget_type=\"heading.default\">\n\t\t\t\t\t<h2 class=\"elementor-heading-title elementor-size-default\">Cours d\u2019anglais ludiques<\/h2>\t\t\t\t<\/div>\n\t\t\t\t<div class=\"elementor-element elementor-element-787de641 elementor-widget elementor-widget-text-editor\" data-id=\"787de641\" data-element_type=\"widget\" data-widget_type=\"text-editor.default\">\n\t\t\t\t\t\t\t\t\t<section class=\"english-course-section\" style=\"max-width: 1100px; margin: auto; padding: 4rem 2rem; font-size: 1.1rem; line-height: 1.8;\"><div class=\"card\"><h3 style=\"text-align: center; font-size: 1.3rem; color: #5295e1; margin-bottom: 1.5rem;\">Apprendre sans s\u2019en rendre compte<\/h3><p>Gr\u00e2ce \u00e0 mon exp\u00e9rience de vie en Angleterre comme au pair pendant un an, je propose des cours d\u2019anglais cr\u00e9atifs et ludiques, bas\u00e9s sur l\u2019\u00e9coute, l\u2019imitation, et le plaisir d\u2019apprendre.<\/p><p style=\"margin-top: 1rem; background: #fef3c7; padding: 1rem; border-left: 4px solid #fbbf24; border-radius: 6px;\">\ud83d\udc49 <em>Pour les enfants, l\u2019anglais ne doit pas \u00eatre une contrainte scolaire,<br \/>mais un jeu, une chanson, une histoire vivante.<\/em><\/p><h4 style=\"margin-top: 2rem;\">\u00a0Contenu possible des s\u00e9ances<\/h4><ul style=\"padding-left: 1rem;\"><li>\u00a0Apprentissage de chansons anglophones adapt\u00e9es \u00e0 l\u2019\u00e2ge<\/li><li>Visionnage de dessins anim\u00e9s ou extraits en VO (version originale)<\/li><li>Jeux de r\u00f4le<span style=\"background-color: transparent;\"> sur des situations du quotidien<\/span><\/li><li>Jeux de m\u00e9moire, flashcards, petits quiz interactifs<\/li><li>Vocabulaire de base et expressions utiles de la vie courante<\/li><\/ul><p style=\"margin-top: 2rem;\">L\u2019objectif est simple : lib\u00e9rer la parole, rendre l\u2019anglais vivant et amusant,<br \/>tout en renfor\u00e7ant les acquis scolaires de mani\u00e8re naturelle.<\/p><\/div><\/section>\t\t\t\t\t\t\t\t<\/div>\n\t\t\t\t<div class=\"elementor-element elementor-element-48054837 elementor-widget elementor-widget-button\" data-id=\"48054837\" data-element_type=\"widget\" data-widget_type=\"button.default\">\n\t\t\t\t\t\t\t\t\t\t<a class=\"elementor-button elementor-button-link elementor-size-sm\" href=\"\/#contact\">\n\t\t\t\t\t\t<span class=\"elementor-button-content-wrapper\">\n\t\t\t\t\t\t\t\t\t<span class=\"elementor-button-text\">R\u00e9server maintenant<\/span>\n\t\t\t\t\t<\/span>\n\t\t\t\t\t<\/a>\n\t\t\t\t\t\t\t\t<\/div>\n\t\t\t\t<div class=\"elementor-element elementor-element-6926df3e elementor-widget elementor-widget-text-editor\" data-id=\"6926df3e\" data-element_type=\"widget\" data-widget_type=\"text-editor.default\">\n\t\t\t\t\t\t\t\t\t<a href='\/'>\u2190 Retour \u00e0 l\u2019accueil<\/a>\t\t\t\t\t\t\t\t<\/div>\n\t\t\t\t\t<\/div>\n\t\t<\/div>\n\t\t\t\t<div class=\"elementor-column elementor-col-45 elementor-top-column elementor-element elementor-element-4eb96d68\" data-id=\"4eb96d68\" data-element_type=\"column\">\n\t\t\t<div class=\"elementor-widget-wrap elementor-element-populated\">\n\t\t\t\t\t\t<div class=\"elementor-element elementor-element-5f52e44f elementor-widget elementor-widget-image\" data-id=\"5f52e44f\" data-element_type=\"widget\" data-widget_type=\"image.default\">\n\t\t\t\t\t\t\t\t\t\t\t\t\t\t\t<img decoding=\"async\" src=\"https:\/\/www.kithimanimation.fr\/wp-content\/plugins\/elementor\/assets\/images\/placeholder.png\" title=\"\" alt=\"\" loading=\"lazy\" \/>\t\t\t\t\t\t\t\t\t\t\t\t\t\t\t<\/div>\n\t\t\t\t\t<\/div>\n\t\t<\/div>\n\t\t\t\t\t<\/div>\n\t\t<\/section>\n\t\t\t\t<section class=\"elementor-section elementor-top-section elementor-element elementor-element-36e09f9c elementor-section-boxed elementor-section-height-default elementor-section-height-default\" data-id=\"36e09f9c\" data-element_type=\"section\" data-settings=\"{&quot;background_background&quot;:&quot;classic&quot;,&quot;shape_divider_top&quot;:&quot;pyramids&quot;}\">\n\t\t\t\t\t<div class=\"elementor-shape elementor-shape-top\" aria-hidden=\"true\" data-negative=\"false\">\n\t\t\t<svg xmlns=\"http:\/\/www.w3.org\/2000\/svg\" viewBox=\"0 0 1000 100\" preserveAspectRatio=\"none\">\n\t<path class=\"elementor-shape-fill\" d=\"M761.9,44.1L643.1,27.2L333.8,98L0,3.8V0l1000,0v3.9\"\/>\n<\/svg>\t\t<\/div>\n\t\t\t\t\t<div class=\"elementor-container elementor-column-gap-default\">\n\t\t\t\t\t<div class=\"elementor-column elementor-col-50 elementor-top-column elementor-element elementor-element-464175ab\" data-id=\"464175ab\" data-element_type=\"column\">\n\t\t\t<div class=\"elementor-widget-wrap elementor-element-populated\">\n\t\t\t\t\t\t<div class=\"elementor-element elementor-element-38e9c46b elementor-widget elementor-widget-heading\" data-id=\"38e9c46b\" data-element_type=\"widget\" data-widget_type=\"heading.default\">\n\t\t\t\t\t<h2 class=\"elementor-heading-title elementor-size-default\">D\u00e9roul\u00e9 d\u2019une s\u00e9ance type<\/h2>\t\t\t\t<\/div>\n\t\t<div class=\"elementor-element elementor-element-ca5b865 e-flex e-con-boxed e-con e-parent\" data-id=\"ca5b865\" data-element_type=\"container\">\n\t\t\t\t\t<div class=\"e-con-inner\">\n\t\t\t\t<div class=\"elementor-element elementor-element-02b8b54 elementor-widget elementor-widget-text-editor\" data-id=\"02b8b54\" data-element_type=\"widget\" data-widget_type=\"text-editor.default\">\n\t\t\t\t\t\t\t\t\t<section class=\"english-session-section\" style=\"max-width: 1100px; margin: auto; padding: 4rem 2rem; font-size: 1.1rem; line-height: 1.8;\"><div class=\"card\"><h3 style=\"text-align: center; font-size: 1.5rem; margin-bottom: 2rem; color: #5295e1;\">\ud83d\udcda Cours d\u2019anglais<\/h3><p>Chaque cours dure environ 45 minutes \u00e0 1 heure et suit un rythme adapt\u00e9 \u00e0 l\u2019\u00e2ge et au niveau de l\u2019enfant :<\/p><ul style=\"margin-top: 1.5rem; padding-left: 1rem;\"><li>Accueil chaleureux \u2013 Petit \u00e9change simple en anglais pour se mettre dans l\u2019ambiance.<\/li><li>Jeu ou chanson \u2013 Activit\u00e9 ludique pour introduire le th\u00e8me du jour (ex. animaux, couleurs, \u00e9motions).<\/li><li>D\u00e9couverte active \u2013 Nouveaux mots et phrases via flashcards, vid\u00e9os courtes ou jeux de r\u00f4le.<\/li><li>Mise en pratique \u2013 Petites situations du quotidien jou\u00e9es en anglais (se pr\u00e9senter, saluer, commander&#8230;)<\/li><li>Cl\u00f4ture en douceur \u2013 Quiz ou chanson pour revoir les mots appris sans pression.<\/li><\/ul><p style=\"margin-top: 2rem; background: #fef3c7; padding: 1rem; border-left: 4px solid #fbbf24; border-radius: 6px;\">\ud83d\udc49 <em>Ce format permet aux enfants d\u2019apprendre naturellement, dans un cadre s\u00e9curisant, amusant et stimulant, tout en donnant aux parents la garantie d\u2019un apprentissage structur\u00e9.<\/em><\/p><\/div><\/section>\t\t\t\t\t\t\t\t<\/div>\n\t\t\t\t\t<\/div>\n\t\t\t\t<\/div>\n\t\t\t\t\t<\/div>\n\t\t<\/div>\n\t\t\t\t<div class=\"elementor-column elementor-col-50 elementor-top-column elementor-element elementor-element-646be69c\" data-id=\"646be69c\" data-element_type=\"column\">\n\t\t\t<div class=\"elementor-widget-wrap elementor-element-populated\">\n\t\t\t\t\t\t<div class=\"elementor-element elementor-element-290d1e35 elementor-widget elementor-widget-image\" data-id=\"290d1e35\" data-element_type=\"widget\" data-widget_type=\"image.default\">\n\t\t\t\t\t\t\t\t\t\t\t\t\t\t\t<img decoding=\"async\" src=\"https:\/\/www.kithimanimation.fr\/wp-content\/plugins\/elementor\/assets\/images\/placeholder.png\" title=\"\" alt=\"\" loading=\"lazy\" \/>\t\t\t\t\t\t\t\t\t\t\t\t\t\t\t<\/div>\n\t\t\t\t\t<\/div>\n\t\t<\/div>\n\t\t\t\t\t<\/div>\n\t\t<\/section>\n\t\t\t\t<section class=\"elementor-section elementor-top-section elementor-element elementor-element-1f6fca61 elementor-section-boxed elementor-section-height-default elementor-section-height-default\" data-id=\"1f6fca61\" data-element_type=\"section\" data-settings=\"{&quot;background_background&quot;:&quot;classic&quot;}\">\n\t\t\t\t\t\t<div class=\"elementor-container elementor-column-gap-default\">\n\t\t\t\t\t<div class=\"elementor-column elementor-col-33 elementor-top-column elementor-element elementor-element-112aa941\" data-id=\"112aa941\" data-element_type=\"column\">\n\t\t\t<div class=\"elementor-widget-wrap elementor-element-populated\">\n\t\t\t\t\t\t<div class=\"elementor-element elementor-element-231e2454 elementor-widget elementor-widget-heading\" data-id=\"231e2454\" data-element_type=\"widget\" data-widget_type=\"heading.default\">\n\t\t\t\t\t<h2 class=\"elementor-heading-title elementor-size-default\">\u00c2ge conseill\u00e9<\/h2>\t\t\t\t<\/div>\n\t\t\t\t<div class=\"elementor-element elementor-element-60099f5a elementor-widget elementor-widget-text-editor\" data-id=\"60099f5a\" data-element_type=\"widget\" data-widget_type=\"text-editor.default\">\n\t\t\t\t\t\t\t\t\t<p>3\u201315 ans\u00a0<\/p>\t\t\t\t\t\t\t\t<\/div>\n\t\t\t\t\t<\/div>\n\t\t<\/div>\n\t\t\t\t<div class=\"elementor-column elementor-col-33 elementor-top-column elementor-element elementor-element-ab99f90\" data-id=\"ab99f90\" data-element_type=\"column\">\n\t\t\t<div class=\"elementor-widget-wrap elementor-element-populated\">\n\t\t\t\t\t\t<div class=\"elementor-element elementor-element-2d537546 elementor-widget elementor-widget-heading\" data-id=\"2d537546\" data-element_type=\"widget\" data-widget_type=\"heading.default\">\n\t\t\t\t\t<h2 class=\"elementor-heading-title elementor-size-default\">Dur\u00e9e &amp; lieu<\/h2>\t\t\t\t<\/div>\n\t\t\t\t<div class=\"elementor-element elementor-element-385c8430 elementor-widget elementor-widget-text-editor\" data-id=\"385c8430\" data-element_type=\"widget\" data-widget_type=\"text-editor.default\">\n\t\t\t\t\t\t\t\t\t<p>1h \u00e0 domicil&nbsp;<\/p>\t\t\t\t\t\t\t\t<\/div>\n\t\t\t\t\t<\/div>\n\t\t<\/div>\n\t\t\t\t<div class=\"elementor-column elementor-col-34 elementor-top-column elementor-element elementor-element-52151f39\" data-id=\"52151f39\" data-element_type=\"column\">\n\t\t\t<div class=\"elementor-widget-wrap elementor-element-populated\">\n\t\t\t\t\t\t<div class=\"elementor-element elementor-element-455b7efb elementor-widget elementor-widget-heading\" data-id=\"455b7efb\" data-element_type=\"widget\" data-widget_type=\"heading.default\">\n\t\t\t\t\t<h2 class=\"elementor-heading-title elementor-size-default\">Mat\u00e9riel<\/h2>\t\t\t\t<\/div>\n\t\t\t\t<div class=\"elementor-element elementor-element-6d1f7785 elementor-widget elementor-widget-text-editor\" data-id=\"6d1f7785\" data-element_type=\"widget\" data-widget_type=\"text-editor.default\">\n\t\t\t\t\t\t\t\t\tSupports papier fournis. Applis\/flashcards possibles.\t\t\t\t\t\t\t\t<\/div>\n\t\t\t\t\t<\/div>\n\t\t<\/div>\n\t\t\t\t\t<\/div>\n\t\t<\/section>\n\t\t\t\t<section class=\"elementor-section elementor-top-section elementor-element elementor-element-6ff39dad elementor-section-boxed elementor-section-height-default elementor-section-height-default\" data-id=\"6ff39dad\" data-element_type=\"section\" data-settings=\"{&quot;background_background&quot;:&quot;classic&quot;}\">\n\t\t\t\t\t\t<div class=\"elementor-container elementor-column-gap-default\">\n\t\t\t\t\t<div class=\"elementor-column elementor-col-100 elementor-top-column elementor-element elementor-element-5da5925f\" data-id=\"5da5925f\" data-element_type=\"column\">\n\t\t\t<div class=\"elementor-widget-wrap elementor-element-populated\">\n\t\t\t\t\t\t<div class=\"elementor-element elementor-element-7b73084c elementor-widget elementor-widget-heading\" data-id=\"7b73084c\" data-element_type=\"widget\" data-widget_type=\"heading.default\">\n\t\t\t\t\t<h2 class=\"elementor-heading-title elementor-size-default\">Tarifs<\/h2>\t\t\t\t<\/div>\n\t\t\t\t<div class=\"elementor-element elementor-element-4da2a905 elementor-widget elementor-widget-text-editor\" data-id=\"4da2a905\" data-element_type=\"widget\" data-widget_type=\"text-editor.default\">\n\t\t\t\t\t\t\t\t\t<ul>\n<li>Individuel : 30\u20ac \/ 1h<\/li>\n<li>Duo : 20\u20ac\/Pax 1h&nbsp;&nbsp;<\/li>\n<\/ul>\t\t\t\t\t\t\t\t<\/div>\n\t\t\t\t<div class=\"elementor-element elementor-element-358c007f elementor-widget elementor-widget-button\" data-id=\"358c007f\" data-element_type=\"widget\" data-widget_type=\"button.default\">\n\t\t\t\t\t\t\t\t\t\t<a class=\"elementor-button elementor-button-link elementor-size-sm\" href=\"https:\/\/www.kithimanimation.fr\/index.php\/contact-kithim\/\">\n\t\t\t\t\t\t<span class=\"elementor-button-content-wrapper\">\n\t\t\t\t\t\t\t\t\t<span class=\"elementor-button-text\">Demander une r\u00e9servation<\/span>\n\t\t\t\t\t<\/span>\n\t\t\t\t\t<\/a>\n\t\t\t\t\t\t\t\t<\/div>\n\t\t\t\t\t<\/div>\n\t\t<\/div>\n\t\t\t\t\t<\/div>\n\t\t<\/section>\n\t\t\t\t<\/div>\n\t\t","protected":false},"excerpt":{"rendered":"<p>Cours d\u2019anglais ludiques Apprendre sans s\u2019en rendre compte Gr\u00e2ce \u00e0 mon exp\u00e9rience de vie en Angleterre comme au pair pendant un an, je propose des cours d\u2019anglais cr\u00e9atifs et ludiques, bas\u00e9s sur l\u2019\u00e9coute, l\u2019imitation, et le plaisir d\u2019apprendre. \ud83d\udc49 Pour les enfants, l\u2019anglais ne doit pas \u00eatre une contrainte scolaire,mais un jeu, une chanson, une [&hellip;]<\/p>\n","protected":false},"author":1,"featured_media":0,"parent":0,"menu_order":0,"comment_status":"closed","ping_status":"closed","template":"","meta":{"footnotes":""},"class_list":["post-281","page","type-page","status-publish","hentry"],"_links":{"self":[{"href":"https:\/\/www.kithimanimation.fr\/index.php\/wp-json\/wp\/v2\/pages\/281","targetHints":{"allow":["GET"]}}],"collection":[{"href":"https:\/\/www.kithimanimation.fr\/index.php\/wp-json\/wp\/v2\/pages"}],"about":[{"href":"https:\/\/www.kithimanimation.fr\/index.php\/wp-json\/wp\/v2\/types\/page"}],"author":[{"embeddable":true,"href":"https:\/\/www.kithimanimation.fr\/index.php\/wp-json\/wp\/v2\/users\/1"}],"replies":[{"embeddable":true,"href":"https:\/\/www.kithimanimation.fr\/index.php\/wp-json\/wp\/v2\/comments?post=281"}],"version-history":[{"count":43,"href":"https:\/\/www.kithimanimation.fr\/index.php\/wp-json\/wp\/v2\/pages\/281\/revisions"}],"predecessor-version":[{"id":1365,"href":"https:\/\/www.kithimanimation.fr\/index.php\/wp-json\/wp\/v2\/pages\/281\/revisions\/1365"}],"wp:attachment":[{"href":"https:\/\/www.kithimanimation.fr\/index.php\/wp-json\/wp\/v2\/media?parent=281"}],"curies":[{"name":"wp","href":"https:\/\/api.w.org\/{rel}","templated":true}]}}