{"id":279,"date":"2025-08-21T17:19:42","date_gmt":"2025-08-21T17:19:42","guid":{"rendered":"https:\/\/www.kithimanimation.fr\/?page_id=279"},"modified":"2025-11-07T18:39:38","modified_gmt":"2025-11-07T17:39:38","slug":"cours-de-musique","status":"publish","type":"page","link":"https:\/\/www.kithimanimation.fr\/index.php\/cours-de-musique\/","title":{"rendered":"Cours de Musique"},"content":{"rendered":"\t\t<div data-elementor-type=\"wp-page\" data-elementor-id=\"279\" class=\"elementor elementor-279\">\n\t\t\t\t\t\t<section class=\"elementor-section elementor-top-section elementor-element elementor-element-504001cf elementor-section-boxed elementor-section-height-default elementor-section-height-default\" data-id=\"504001cf\" data-element_type=\"section\" data-settings=\"{&quot;background_background&quot;:&quot;classic&quot;,&quot;shape_divider_top&quot;:&quot;clouds&quot;}\">\n\t\t\t\t\t<div class=\"elementor-shape elementor-shape-top\" aria-hidden=\"true\" data-negative=\"false\">\n\t\t\t<svg xmlns=\"http:\/\/www.w3.org\/2000\/svg\" viewBox=\"0 0 283.5 27.8\" preserveAspectRatio=\"xMidYMax slice\">\n  <path class=\"elementor-shape-fill\" d=\"M0 0v6.7c1.9-.8 4.7-1.4 8.5-1 9.5 1.1 11.1 6 11.1 6s2.1-.7 4.3-.2c2.1.5 2.8 2.6 2.8 2.6s.2-.5 1.4-.7c1.2-.2 1.7.2 1.7.2s0-2.1 1.9-2.8c1.9-.7 3.6.7 3.6.7s.7-2.9 3.1-4.1 4.7 0 4.7 0 1.2-.5 2.4 0 1.7 1.4 1.7 1.4h1.4c.7 0 1.2.7 1.2.7s.8-1.8 4-2.2c3.5-.4 5.3 2.4 6.2 4.4.4-.4 1-.7 1.8-.9 2.8-.7 4 .7 4 .7s1.7-5 11.1-6c9.5-1.1 12.3 3.9 12.3 3.9s1.2-4.8 5.7-5.7c4.5-.9 6.8 1.8 6.8 1.8s.6-.6 1.5-.9c.9-.2 1.9-.2 1.9-.2s5.2-6.4 12.6-3.3c7.3 3.1 4.7 9 4.7 9s1.9-.9 4 0 2.8 2.4 2.8 2.4 1.9-1.2 4.5-1.2 4.3 1.2 4.3 1.2.2-1 1.4-1.7 2.1-.7 2.1-.7-.5-3.1 2.1-5.5 5.7-1.4 5.7-1.4 1.5-2.3 4.2-1.1c2.7 1.2 1.7 5.2 1.7 5.2s.3-.1 1.3.5c.5.4.8.8.9 1.1.5-1.4 2.4-5.8 8.4-4 7.1 2.1 3.5 8.9 3.5 8.9s.8-.4 2 0 1.1 1.1 1.1 1.1 1.1-1.1 2.3-1.1 2.1.5 2.1.5 1.9-3.6 6.2-1.2 1.9 6.4 1.9 6.4 2.6-2.4 7.4 0c3.4 1.7 3.9 4.9 3.9 4.9s3.3-6.9 10.4-7.9 11.5 2.6 11.5 2.6.8 0 1.2.2c.4.2.9.9.9.9s4.4-3.1 8.3.2c1.9 1.7 1.5 5 1.5 5s.3-1.1 1.6-1.4c1.3-.3 2.3.2 2.3.2s-.1-1.2.5-1.9 1.9-.9 1.9-.9-4.7-9.3 4.4-13.4c5.6-2.5 9.2.9 9.2.9s5-6.2 15.9-6.2 16.1 8.1 16.1 8.1.7-.2 1.6-.4V0H0z\"\/>\n<\/svg>\n\t\t<\/div>\n\t\t\t\t\t<div class=\"elementor-container elementor-column-gap-default\">\n\t\t\t\t\t<div class=\"elementor-column elementor-col-55 elementor-top-column elementor-element elementor-element-25ea0829\" data-id=\"25ea0829\" data-element_type=\"column\">\n\t\t\t<div class=\"elementor-widget-wrap elementor-element-populated\">\n\t\t\t\t\t\t<div class=\"elementor-element elementor-element-3151c42 elementor-widget__width-initial elementor-widget elementor-widget-text-editor\" data-id=\"3151c42\" data-element_type=\"widget\" data-widget_type=\"text-editor.default\">\n\t\t\t\t\t\t\t\t\t<section class=\"music-course-section\" style=\"max-width: 1100px; margin: auto; padding: 4rem 2rem; font-size: 1.1rem; line-height: 1.8;\"><div class=\"card\"><h3 style=\"text-align: center; font-size: 1.3rem; color: #5295e1; margin-bottom: 1.5rem;\">Des ateliers pour \u00e9veiller la sensibilit\u00e9 artistique<\/h3><p>Je propose des cours de musique et de chant pour enfants d\u00e9butants, \u00e0 partir de 6 ans, dans une approche ludique, bienveillante et adapt\u00e9e \u00e0 leur rythme.<\/p><h4 style=\"margin-top: 2rem;\">\ud83d\udccd O\u00f9 ont lieu les cours ?<\/h4><ul style=\"padding-left: 1rem;\"><li>\u00a0\u00c0 domicile : id\u00e9al pour le chant et l\u2019apprentissage personnalis\u00e9.<\/li><li>En ext\u00e9rieur : notamment pour la guitare, dans un cadre agr\u00e9able comme le parc du Peyrou \u00e0 Montpellier.<\/li><\/ul><h4 style=\"margin-top: 2rem;\">\ud83c\udf93 Mon parcours<\/h4><p>Je chante et joue de la guitare depuis mon plus jeune \u00e2ge.<br \/>J\u2019ai \u00e9tudi\u00e9 au Dalida Institut, une \u00e9cole de musique renomm\u00e9e \u00e0 Aix-en-Provence (chant, guitare, piano, solf\u00e8ge)<\/p><p>J\u2019ai \u00e9galement suivi les cours de Damien Silvert, coach vocal de nombreux artistes comme Mika, M. Pokora ou les talents de The Voice.<\/p><p style=\"margin-top: 1rem; background: #fef3c7; padding: 1rem; border-left: 4px solid #fbbf24; border-radius: 6px;\">\ud83d\udc49 Mon objectif n\u2019est pas seulement d\u2019enseigner, mais de transmettre une passion, donner envie aux enfants de d\u00e9couvrir la musique,<br \/>les grands classiques, et d\u2019exprimer leur propre sensibilit\u00e9.<\/p><h4 style=\"margin-top: 2rem;\">\u00a0Contenu des cours<\/h4><ul style=\"padding-left: 1rem;\"><li>\ud83c\udfb8 Initiation \u00e0 la guitare : accords simples, rythme, accompagnement<\/li><li>\ud83c\udfa4 D\u00e9couverte du chant : respiration, diction, justesse, interpr\u00e9tation<\/li><li>\ud83c\udfb5 \u00c9veil musical : jeux de rythme, d\u00e9couverte d\u2019instruments, bases du solf\u00e8ge<\/li><li>\ud83c\udfa7 Exploration des styles musicaux et des grands artistes<\/li><li>\u270d\ufe0f Atelier d\u2019\u00e9criture de chanson pour les plus curieux<\/li><\/ul><\/div><\/section>\t\t\t\t\t\t\t\t<\/div>\n\t\t\t\t<div class=\"elementor-element elementor-element-6a835e1d elementor-widget elementor-widget-button\" data-id=\"6a835e1d\" data-element_type=\"widget\" data-widget_type=\"button.default\">\n\t\t\t\t\t\t\t\t\t\t<a class=\"elementor-button elementor-button-link elementor-size-sm\" href=\"https:\/\/www.kithimanimation.fr\/index.php\/contact-kithim\/\">\n\t\t\t\t\t\t<span class=\"elementor-button-content-wrapper\">\n\t\t\t\t\t\t\t\t\t<span class=\"elementor-button-text\">R\u00e9server maintenant<\/span>\n\t\t\t\t\t<\/span>\n\t\t\t\t\t<\/a>\n\t\t\t\t\t\t\t\t<\/div>\n\t\t\t\t<div class=\"elementor-element elementor-element-6cf7cfb6 elementor-widget elementor-widget-text-editor\" data-id=\"6cf7cfb6\" data-element_type=\"widget\" data-widget_type=\"text-editor.default\">\n\t\t\t\t\t\t\t\t\t<p><a href=\"\/\">\u2190 Retour \u00e0 l\u2019accueil<\/a><\/p>\t\t\t\t\t\t\t\t<\/div>\n\t\t\t\t\t<\/div>\n\t\t<\/div>\n\t\t\t\t<div class=\"elementor-column elementor-col-45 elementor-top-column elementor-element elementor-element-7132a6f1\" data-id=\"7132a6f1\" data-element_type=\"column\">\n\t\t\t<div class=\"elementor-widget-wrap elementor-element-populated\">\n\t\t\t\t\t\t<div class=\"elementor-element elementor-element-51cfeba elementor-widget elementor-widget-video\" data-id=\"51cfeba\" data-element_type=\"widget\" data-settings=\"{&quot;youtube_url&quot;:&quot;https:\\\/\\\/www.youtube.com\\\/watch?v=hEYRGDXyomM&amp;list=RDhEYRGDXyomM&amp;start_radio=1&quot;,&quot;video_type&quot;:&quot;youtube&quot;,&quot;controls&quot;:&quot;yes&quot;}\" data-widget_type=\"video.default\">\n\t\t\t\t\t\t\t<div class=\"elementor-wrapper elementor-open-inline\">\n\t\t\t<div class=\"elementor-video\"><\/div>\t\t<\/div>\n\t\t\t\t\t\t<\/div>\n\t\t\t\t\t<\/div>\n\t\t<\/div>\n\t\t\t\t\t<\/div>\n\t\t<\/section>\n\t\t<div class=\"elementor-element elementor-element-4107248 e-flex e-con-boxed e-con e-parent\" data-id=\"4107248\" data-element_type=\"container\" data-settings=\"{&quot;shape_divider_top&quot;:&quot;opacity-fan&quot;}\">\n\t\t\t\t\t<div class=\"e-con-inner\">\n\t\t\t\t<div class=\"elementor-shape elementor-shape-top\" aria-hidden=\"true\" data-negative=\"false\">\n\t\t\t<svg xmlns=\"http:\/\/www.w3.org\/2000\/svg\" viewBox=\"0 0 283.5 19.6\" preserveAspectRatio=\"none\">\n\t<path class=\"elementor-shape-fill\" style=\"opacity:0.33\" d=\"M0 0L0 18.8 141.8 4.1 283.5 18.8 283.5 0z\"\/>\n\t<path class=\"elementor-shape-fill\" style=\"opacity:0.33\" d=\"M0 0L0 12.6 141.8 4 283.5 12.6 283.5 0z\"\/>\n\t<path class=\"elementor-shape-fill\" style=\"opacity:0.33\" d=\"M0 0L0 6.4 141.8 4 283.5 6.4 283.5 0z\"\/>\n\t<path class=\"elementor-shape-fill\" d=\"M0 0L0 1.2 141.8 4 283.5 1.2 283.5 0z\"\/>\n<\/svg>\t\t<\/div>\n\t\t\t\t<div class=\"elementor-element elementor-element-f539875 elementor-widget__width-initial elementor-widget elementor-widget-video\" data-id=\"f539875\" data-element_type=\"widget\" data-settings=\"{&quot;youtube_url&quot;:&quot;https:\\\/\\\/www.youtube.com\\\/watch?v=hEYRGDXyomM&amp;list=RDhEYRGDXyomM&amp;start_radio=1&quot;,&quot;video_type&quot;:&quot;youtube&quot;,&quot;controls&quot;:&quot;yes&quot;}\" data-widget_type=\"video.default\">\n\t\t\t\t\t\t\t<div class=\"elementor-wrapper elementor-open-inline\">\n\t\t\t<div class=\"elementor-video\"><\/div>\t\t<\/div>\n\t\t\t\t\t\t<\/div>\n\t\t\t\t\t<\/div>\n\t\t\t\t<\/div>\n\t\t\t\t<section class=\"elementor-section elementor-top-section elementor-element elementor-element-4aac7adb elementor-section-boxed elementor-section-height-default elementor-section-height-default\" data-id=\"4aac7adb\" data-element_type=\"section\" data-settings=\"{&quot;background_background&quot;:&quot;classic&quot;,&quot;shape_divider_top&quot;:&quot;clouds&quot;}\">\n\t\t\t\t\t<div class=\"elementor-shape elementor-shape-top\" aria-hidden=\"true\" data-negative=\"false\">\n\t\t\t<svg xmlns=\"http:\/\/www.w3.org\/2000\/svg\" viewBox=\"0 0 283.5 27.8\" preserveAspectRatio=\"xMidYMax slice\">\n  <path class=\"elementor-shape-fill\" d=\"M0 0v6.7c1.9-.8 4.7-1.4 8.5-1 9.5 1.1 11.1 6 11.1 6s2.1-.7 4.3-.2c2.1.5 2.8 2.6 2.8 2.6s.2-.5 1.4-.7c1.2-.2 1.7.2 1.7.2s0-2.1 1.9-2.8c1.9-.7 3.6.7 3.6.7s.7-2.9 3.1-4.1 4.7 0 4.7 0 1.2-.5 2.4 0 1.7 1.4 1.7 1.4h1.4c.7 0 1.2.7 1.2.7s.8-1.8 4-2.2c3.5-.4 5.3 2.4 6.2 4.4.4-.4 1-.7 1.8-.9 2.8-.7 4 .7 4 .7s1.7-5 11.1-6c9.5-1.1 12.3 3.9 12.3 3.9s1.2-4.8 5.7-5.7c4.5-.9 6.8 1.8 6.8 1.8s.6-.6 1.5-.9c.9-.2 1.9-.2 1.9-.2s5.2-6.4 12.6-3.3c7.3 3.1 4.7 9 4.7 9s1.9-.9 4 0 2.8 2.4 2.8 2.4 1.9-1.2 4.5-1.2 4.3 1.2 4.3 1.2.2-1 1.4-1.7 2.1-.7 2.1-.7-.5-3.1 2.1-5.5 5.7-1.4 5.7-1.4 1.5-2.3 4.2-1.1c2.7 1.2 1.7 5.2 1.7 5.2s.3-.1 1.3.5c.5.4.8.8.9 1.1.5-1.4 2.4-5.8 8.4-4 7.1 2.1 3.5 8.9 3.5 8.9s.8-.4 2 0 1.1 1.1 1.1 1.1 1.1-1.1 2.3-1.1 2.1.5 2.1.5 1.9-3.6 6.2-1.2 1.9 6.4 1.9 6.4 2.6-2.4 7.4 0c3.4 1.7 3.9 4.9 3.9 4.9s3.3-6.9 10.4-7.9 11.5 2.6 11.5 2.6.8 0 1.2.2c.4.2.9.9.9.9s4.4-3.1 8.3.2c1.9 1.7 1.5 5 1.5 5s.3-1.1 1.6-1.4c1.3-.3 2.3.2 2.3.2s-.1-1.2.5-1.9 1.9-.9 1.9-.9-4.7-9.3 4.4-13.4c5.6-2.5 9.2.9 9.2.9s5-6.2 15.9-6.2 16.1 8.1 16.1 8.1.7-.2 1.6-.4V0H0z\"\/>\n<\/svg>\n\t\t<\/div>\n\t\t\t\t\t<div class=\"elementor-container elementor-column-gap-default\">\n\t\t\t\t\t<div class=\"elementor-column elementor-col-50 elementor-top-column elementor-element elementor-element-ae06f93\" data-id=\"ae06f93\" data-element_type=\"column\">\n\t\t\t<div class=\"elementor-widget-wrap elementor-element-populated\">\n\t\t\t\t\t\t<div class=\"elementor-element elementor-element-43ceea68 elementor-absolute elementor-widget elementor-widget-heading\" data-id=\"43ceea68\" data-element_type=\"widget\" data-settings=\"{&quot;_position&quot;:&quot;absolute&quot;}\" data-widget_type=\"heading.default\">\n\t\t\t\t\t<h2 class=\"elementor-heading-title elementor-size-default\">D\u00e9roul\u00e9 d\u2019une s\u00e9ance type<\/h2>\t\t\t\t<\/div>\n\t\t<div class=\"elementor-element elementor-element-c281469 e-flex e-con-boxed e-con e-parent\" data-id=\"c281469\" data-element_type=\"container\">\n\t\t\t\t\t<div class=\"e-con-inner\">\n\t\t\t\t<div class=\"elementor-element elementor-element-d395fed elementor-widget elementor-widget-text-editor\" data-id=\"d395fed\" data-element_type=\"widget\" data-widget_type=\"text-editor.default\">\n\t\t\t\t\t\t\t\t\t<section class=\"session-section\" style=\"padding: 4rem 2rem; max-width: 1100px; margin: auto; font-size: 1.1rem; line-height: 1.8;\"><h2 style=\"text-align: center; font-size: 2rem; margin-bottom: 2rem;\">\u00a0<\/h2><div style=\"display: flex; flex-wrap: wrap; gap: 2rem; justify-content: space-between;\"><p><!-- CHANT --><\/p><div style=\"flex: 1 1 45%; background: #f1f5f9; border-radius: 12px; padding: 2rem;\"><h3 style=\"font-size: 1.4rem; color: #5295e1;\">Chant \u2013 1h\u00a0<\/h3><ul style=\"margin-top: 1rem; padding-left: 1rem;\"><li><strong>Accueil &amp; mise en confiance<\/strong> \u2013 Respiration, d\u00e9tente, petit \u00e9change.<\/li><li><strong>\u00c9chauffement vocal<\/strong> \u2013 Diction, jeux de sons, lib\u00e9ration de la voix.<\/li><li><strong>D\u00e9couverte d\u2019un morceau<\/strong> \u2013 Apprentissage d\u2019une chanson adapt\u00e9e.<\/li><li><strong>Travail pratique<\/strong> \u2013 Interpr\u00e9tation, justesse, rythme, \u00e9motions.<\/li><li><strong>Un peu de th\u00e9orie<\/strong> \u2013 Solf\u00e8ge l\u00e9ger, rythme, nuances.<\/li><li><strong>Cl\u00f4ture<\/strong> \u2013 Mini-interpr\u00e9tation, jeu vocal, moment positif.<\/li><\/ul><p style=\"margin-top: 1rem; background: #fff3cd; padding: 1rem; border-left: 4px solid #ffc107; border-radius: 8px;\">\ud83d\udc49 <em>L\u2019enfant chante d\u00e8s la premi\u00e8re s\u00e9ance, pour ressentir le plaisir de sa voix.<\/em><\/p><\/div><p><!-- GUITARE --><\/p><div style=\"flex: 1 1 45%; background: #f1f5f9; border-radius: 12px; padding: 2rem;\"><h3 style=\"font-size: 1.4rem; color: #5295e1;\">\u00a0Guitare \u2013 1h\u00a0<\/h3><ul style=\"margin-top: 1rem; padding-left: 1rem;\"><li><strong>Accueil &amp; d\u00e9couverte<\/strong> \u2013 Prise en main de la guitare, position des mains.<\/li><li><strong>\u00c9chauffement rythmique<\/strong> \u2013 Coordination main droite\/gauche, jeux de rythme.<\/li><li><strong>Apprentissage progressif<\/strong> \u2013 Accords simples, m\u00e9lodies connues.<\/li><li><strong>Pratique directe<\/strong> \u2013 Jouer rapidement un accompagnement ou motif.<\/li><li><strong>Un peu de th\u00e9orie<\/strong> \u2013 Tablatures, lecture rythmique, vocabulaire musical.<\/li><li><strong>Cl\u00f4ture<\/strong> \u2013 Reprise du morceau appris, mise en musique, encouragement.<\/li><\/ul><p style=\"margin-top: 1rem; background: #fff3cd; padding: 1rem; border-left: 4px solid #ffc107; border-radius: 8px;\">\ud83d\udc49 <em>La th\u00e9orie s\u2019int\u00e8gre naturellement \u00e0 la pratique, pour un apprentissage motivant.<\/em><\/p><\/div><\/div><\/section>\t\t\t\t\t\t\t\t<\/div>\n\t\t\t\t\t<\/div>\n\t\t\t\t<\/div>\n\t\t\t\t\t<\/div>\n\t\t<\/div>\n\t\t\t\t<div class=\"elementor-column elementor-col-50 elementor-top-column elementor-element elementor-element-41b58e18\" data-id=\"41b58e18\" data-element_type=\"column\">\n\t\t\t<div class=\"elementor-widget-wrap elementor-element-populated\">\n\t\t\t\t\t\t\t<\/div>\n\t\t<\/div>\n\t\t\t\t\t<\/div>\n\t\t<\/section>\n\t\t\t\t<section class=\"elementor-section elementor-top-section elementor-element elementor-element-26bc336c elementor-section-boxed elementor-section-height-default elementor-section-height-default\" data-id=\"26bc336c\" data-element_type=\"section\" data-settings=\"{&quot;background_background&quot;:&quot;classic&quot;,&quot;shape_divider_top&quot;:&quot;opacity-fan&quot;}\">\n\t\t\t\t\t<div class=\"elementor-shape elementor-shape-top\" aria-hidden=\"true\" data-negative=\"false\">\n\t\t\t<svg xmlns=\"http:\/\/www.w3.org\/2000\/svg\" viewBox=\"0 0 283.5 19.6\" preserveAspectRatio=\"none\">\n\t<path class=\"elementor-shape-fill\" style=\"opacity:0.33\" d=\"M0 0L0 18.8 141.8 4.1 283.5 18.8 283.5 0z\"\/>\n\t<path class=\"elementor-shape-fill\" style=\"opacity:0.33\" d=\"M0 0L0 12.6 141.8 4 283.5 12.6 283.5 0z\"\/>\n\t<path class=\"elementor-shape-fill\" style=\"opacity:0.33\" d=\"M0 0L0 6.4 141.8 4 283.5 6.4 283.5 0z\"\/>\n\t<path class=\"elementor-shape-fill\" d=\"M0 0L0 1.2 141.8 4 283.5 1.2 283.5 0z\"\/>\n<\/svg>\t\t<\/div>\n\t\t\t\t\t<div class=\"elementor-container elementor-column-gap-default\">\n\t\t\t\t\t<div class=\"elementor-column elementor-col-33 elementor-top-column elementor-element elementor-element-1caa8554\" data-id=\"1caa8554\" data-element_type=\"column\">\n\t\t\t<div class=\"elementor-widget-wrap elementor-element-populated\">\n\t\t\t\t\t\t<div class=\"elementor-element elementor-element-4ab7e58 elementor-widget elementor-widget-heading\" data-id=\"4ab7e58\" data-element_type=\"widget\" data-widget_type=\"heading.default\">\n\t\t\t\t\t<h2 class=\"elementor-heading-title elementor-size-default\">\u00c2ge conseill\u00e9<\/h2>\t\t\t\t<\/div>\n\t\t\t\t<div class=\"elementor-element elementor-element-77be07e6 elementor-widget elementor-widget-text-editor\" data-id=\"77be07e6\" data-element_type=\"widget\" data-widget_type=\"text-editor.default\">\n\t\t\t\t\t\t\t\t\t<p>6\u201315 ans (adaptable).<\/p>\t\t\t\t\t\t\t\t<\/div>\n\t\t\t\t\t<\/div>\n\t\t<\/div>\n\t\t\t\t<div class=\"elementor-column elementor-col-33 elementor-top-column elementor-element elementor-element-59bdda1c\" data-id=\"59bdda1c\" data-element_type=\"column\">\n\t\t\t<div class=\"elementor-widget-wrap elementor-element-populated\">\n\t\t\t\t\t\t<div class=\"elementor-element elementor-element-1d2f0fa0 elementor-widget elementor-widget-heading\" data-id=\"1d2f0fa0\" data-element_type=\"widget\" data-widget_type=\"heading.default\">\n\t\t\t\t\t<h2 class=\"elementor-heading-title elementor-size-default\">Dur\u00e9e &amp; lieu<\/h2>\t\t\t\t<\/div>\n\t\t\t\t<div class=\"elementor-element elementor-element-7cdaefdc elementor-widget elementor-widget-text-editor\" data-id=\"7cdaefdc\" data-element_type=\"widget\" data-widget_type=\"text-editor.default\">\n\t\t\t\t\t\t\t\t\t<p>S\u00e9ance de 1h \u2013 \u00e0 domicile ou en exterieur\u00a0<\/p>\t\t\t\t\t\t\t\t<\/div>\n\t\t\t\t\t<\/div>\n\t\t<\/div>\n\t\t\t\t<div class=\"elementor-column elementor-col-34 elementor-top-column elementor-element elementor-element-642a639\" data-id=\"642a639\" data-element_type=\"column\">\n\t\t\t<div class=\"elementor-widget-wrap elementor-element-populated\">\n\t\t\t\t\t\t<div class=\"elementor-element elementor-element-2431626f elementor-widget elementor-widget-heading\" data-id=\"2431626f\" data-element_type=\"widget\" data-widget_type=\"heading.default\">\n\t\t\t\t\t<h2 class=\"elementor-heading-title elementor-size-default\">Mat\u00e9riel<\/h2>\t\t\t\t<\/div>\n\t\t\t\t<div class=\"elementor-element elementor-element-bf0f6d7 elementor-widget elementor-widget-text-editor\" data-id=\"bf0f6d7\" data-element_type=\"widget\" data-widget_type=\"text-editor.default\">\n\t\t\t\t\t\t\t\t\tGuitare non fournie (pr\u00eat possible sur demande).\t\t\t\t\t\t\t\t<\/div>\n\t\t\t\t\t<\/div>\n\t\t<\/div>\n\t\t\t\t\t<\/div>\n\t\t<\/section>\n\t\t\t\t<section class=\"elementor-section elementor-top-section elementor-element elementor-element-1cc476e1 elementor-section-boxed elementor-section-height-default elementor-section-height-default\" data-id=\"1cc476e1\" data-element_type=\"section\" data-settings=\"{&quot;background_background&quot;:&quot;classic&quot;}\">\n\t\t\t\t\t\t<div class=\"elementor-container elementor-column-gap-default\">\n\t\t\t\t\t<div class=\"elementor-column elementor-col-100 elementor-top-column elementor-element elementor-element-64727c75\" data-id=\"64727c75\" data-element_type=\"column\">\n\t\t\t<div class=\"elementor-widget-wrap elementor-element-populated\">\n\t\t\t\t\t\t<div class=\"elementor-element elementor-element-ddd2e2e elementor-widget elementor-widget-heading\" data-id=\"ddd2e2e\" data-element_type=\"widget\" data-widget_type=\"heading.default\">\n\t\t\t\t\t<h2 class=\"elementor-heading-title elementor-size-default\">Formules &amp; tarifs<\/h2>\t\t\t\t<\/div>\n\t\t\t\t<div class=\"elementor-element elementor-element-7f4f757e elementor-widget elementor-widget-text-editor\" data-id=\"7f4f757e\" data-element_type=\"widget\" data-widget_type=\"text-editor.default\">\n\t\t\t\t\t\t\t\t\t<ul>\n<li>Individuel : 30\u20ac \/ 1h<\/li>\n<li>Duo : 20\/pax&nbsp; 1h<\/li>\n<\/ul>\t\t\t\t\t\t\t\t<\/div>\n\t\t\t\t<div class=\"elementor-element elementor-element-4f85e6d4 elementor-widget elementor-widget-button\" data-id=\"4f85e6d4\" data-element_type=\"widget\" data-widget_type=\"button.default\">\n\t\t\t\t\t\t\t\t\t\t<a class=\"elementor-button elementor-button-link elementor-size-sm\" href=\"https:\/\/www.kithimanimation.fr\/index.php\/contact-kithim\/\">\n\t\t\t\t\t\t<span class=\"elementor-button-content-wrapper\">\n\t\t\t\t\t\t\t\t\t<span class=\"elementor-button-text\">Demander une r\u00e9servation<\/span>\n\t\t\t\t\t<\/span>\n\t\t\t\t\t<\/a>\n\t\t\t\t\t\t\t\t<\/div>\n\t\t\t\t\t<\/div>\n\t\t<\/div>\n\t\t\t\t\t<\/div>\n\t\t<\/section>\n\t\t\t\t<\/div>\n\t\t","protected":false},"excerpt":{"rendered":"<p>Des ateliers pour \u00e9veiller la sensibilit\u00e9 artistique Je propose des cours de musique et de chant pour enfants d\u00e9butants, \u00e0 partir de 6 ans, dans une approche ludique, bienveillante et adapt\u00e9e \u00e0 leur rythme. \ud83d\udccd O\u00f9 ont lieu les cours ? \u00a0\u00c0 domicile : id\u00e9al pour le chant et l\u2019apprentissage personnalis\u00e9. En ext\u00e9rieur : notamment [&hellip;]<\/p>\n","protected":false},"author":1,"featured_media":0,"parent":0,"menu_order":0,"comment_status":"closed","ping_status":"closed","template":"","meta":{"footnotes":""},"class_list":["post-279","page","type-page","status-publish","hentry"],"_links":{"self":[{"href":"https:\/\/www.kithimanimation.fr\/index.php\/wp-json\/wp\/v2\/pages\/279","targetHints":{"allow":["GET"]}}],"collection":[{"href":"https:\/\/www.kithimanimation.fr\/index.php\/wp-json\/wp\/v2\/pages"}],"about":[{"href":"https:\/\/www.kithimanimation.fr\/index.php\/wp-json\/wp\/v2\/types\/page"}],"author":[{"embeddable":true,"href":"https:\/\/www.kithimanimation.fr\/index.php\/wp-json\/wp\/v2\/users\/1"}],"replies":[{"embeddable":true,"href":"https:\/\/www.kithimanimation.fr\/index.php\/wp-json\/wp\/v2\/comments?post=279"}],"version-history":[{"count":106,"href":"https:\/\/www.kithimanimation.fr\/index.php\/wp-json\/wp\/v2\/pages\/279\/revisions"}],"predecessor-version":[{"id":1362,"href":"https:\/\/www.kithimanimation.fr\/index.php\/wp-json\/wp\/v2\/pages\/279\/revisions\/1362"}],"wp:attachment":[{"href":"https:\/\/www.kithimanimation.fr\/index.php\/wp-json\/wp\/v2\/media?parent=279"}],"curies":[{"name":"wp","href":"https:\/\/api.w.org\/{rel}","templated":true}]}}