{"id":277,"date":"2025-08-21T17:19:17","date_gmt":"2025-08-21T17:19:17","guid":{"rendered":"https:\/\/www.kithimanimation.fr\/?page_id=277"},"modified":"2026-01-10T11:24:24","modified_gmt":"2026-01-10T10:24:24","slug":"initiation-velo","status":"publish","type":"page","link":"https:\/\/www.kithimanimation.fr\/index.php\/initiation-velo\/","title":{"rendered":"Initiation v\u00e9lo"},"content":{"rendered":"\t\t<div data-elementor-type=\"wp-page\" data-elementor-id=\"277\" class=\"elementor elementor-277\">\n\t\t\t\t\t\t<section class=\"elementor-section elementor-top-section elementor-element elementor-element-b9d2270 elementor-section-boxed elementor-section-height-default elementor-section-height-default\" data-id=\"b9d2270\" data-element_type=\"section\" data-settings=\"{&quot;background_background&quot;:&quot;classic&quot;,&quot;shape_divider_top&quot;:&quot;triangle-asymmetrical&quot;}\">\n\t\t\t\t\t<div class=\"elementor-shape elementor-shape-top\" aria-hidden=\"true\" data-negative=\"false\">\n\t\t\t<svg xmlns=\"http:\/\/www.w3.org\/2000\/svg\" viewBox=\"0 0 1000 100\" preserveAspectRatio=\"none\">\n\t<path class=\"elementor-shape-fill\" d=\"M738,99l262-93V0H0v5.6L738,99z\"\/>\n<\/svg>\t\t<\/div>\n\t\t\t\t\t<div class=\"elementor-container elementor-column-gap-default\">\n\t\t\t\t\t<div class=\"elementor-column elementor-col-55 elementor-top-column elementor-element elementor-element-47e29f5\" data-id=\"47e29f5\" data-element_type=\"column\">\n\t\t\t<div class=\"elementor-widget-wrap elementor-element-populated\">\n\t\t\t\t\t\t<div class=\"elementor-element elementor-element-22c11b38 elementor-widget elementor-widget-heading\" data-id=\"22c11b38\" data-element_type=\"widget\" data-widget_type=\"heading.default\">\n\t\t\t\t\t<h2 class=\"elementor-heading-title elementor-size-default\">Sessions en ext\u00e9rieur<\/h2>\t\t\t\t<\/div>\n\t\t\t\t<div class=\"elementor-element elementor-element-63169863 elementor-widget elementor-widget-text-editor\" data-id=\"63169863\" data-element_type=\"widget\" data-widget_type=\"text-editor.default\">\n\t\t\t\t\t\t\t\t\t<p><em data-start=\"207\" data-end=\"353\">Chaque enfant progresse \u00e0 son rythme, dans un climat de confiance, sans pression et sans distinction faite par niveau \u00e0 son inscription.<\/em><\/p><p><em data-start=\"207\" data-end=\"353\">Son plaisir d\u2019apprendre est pr\u00e9dominant tout au long de la s\u00e9ance !<\/em><\/p>\t\t\t\t\t\t\t\t<\/div>\n\t\t\t\t<div class=\"elementor-element elementor-element-7912a5bd elementor-widget elementor-widget-button\" data-id=\"7912a5bd\" data-element_type=\"widget\" data-widget_type=\"button.default\">\n\t\t\t\t\t\t\t\t\t\t<a class=\"elementor-button elementor-button-link elementor-size-sm\" href=\"\/#contact\">\n\t\t\t\t\t\t<span class=\"elementor-button-content-wrapper\">\n\t\t\t\t\t\t\t\t\t<span class=\"elementor-button-text\">R\u00e9server maintenant<\/span>\n\t\t\t\t\t<\/span>\n\t\t\t\t\t<\/a>\n\t\t\t\t\t\t\t\t<\/div>\n\t\t\t\t<div class=\"elementor-element elementor-element-58fc53ae elementor-widget elementor-widget-text-editor\" data-id=\"58fc53ae\" data-element_type=\"widget\" data-widget_type=\"text-editor.default\">\n\t\t\t\t\t\t\t\t\t<a href='\/'>\u2190 Retour \u00e0 l\u2019accueil<\/a>\t\t\t\t\t\t\t\t<\/div>\n\t\t\t\t\t<\/div>\n\t\t<\/div>\n\t\t\t\t<div class=\"elementor-column elementor-col-45 elementor-top-column elementor-element elementor-element-66763ffb\" data-id=\"66763ffb\" data-element_type=\"column\">\n\t\t\t<div class=\"elementor-widget-wrap elementor-element-populated\">\n\t\t\t\t\t\t<div class=\"elementor-element elementor-element-7061a205 elementor-widget elementor-widget-image\" data-id=\"7061a205\" data-element_type=\"widget\" data-widget_type=\"image.default\">\n\t\t\t\t\t\t\t\t\t\t\t\t\t\t\t<img fetchpriority=\"high\" decoding=\"async\" width=\"683\" height=\"1024\" src=\"https:\/\/www.kithimanimation.fr\/wp-content\/uploads\/2025\/08\/ChatGPT-Image-21-aout-2025-18_09_23-683x1024.png\" class=\"attachment-large size-large wp-image-246\" alt=\"\" srcset=\"https:\/\/www.kithimanimation.fr\/wp-content\/uploads\/2025\/08\/ChatGPT-Image-21-aout-2025-18_09_23-683x1024.png 683w, https:\/\/www.kithimanimation.fr\/wp-content\/uploads\/2025\/08\/ChatGPT-Image-21-aout-2025-18_09_23-200x300.png 200w, https:\/\/www.kithimanimation.fr\/wp-content\/uploads\/2025\/08\/ChatGPT-Image-21-aout-2025-18_09_23-768x1152.png 768w, https:\/\/www.kithimanimation.fr\/wp-content\/uploads\/2025\/08\/ChatGPT-Image-21-aout-2025-18_09_23-720x1080.png 720w, https:\/\/www.kithimanimation.fr\/wp-content\/uploads\/2025\/08\/ChatGPT-Image-21-aout-2025-18_09_23.png 1024w\" sizes=\"(max-width: 683px) 100vw, 683px\" \/>\t\t\t\t\t\t\t\t\t\t\t\t\t\t\t<\/div>\n\t\t\t\t\t<\/div>\n\t\t<\/div>\n\t\t\t\t\t<\/div>\n\t\t<\/section>\n\t\t\t\t<section class=\"elementor-section elementor-top-section elementor-element elementor-element-98977ea elementor-section-boxed elementor-section-height-default elementor-section-height-default\" data-id=\"98977ea\" data-element_type=\"section\" data-settings=\"{&quot;background_background&quot;:&quot;classic&quot;}\">\n\t\t\t\t\t\t<div class=\"elementor-container elementor-column-gap-default\">\n\t\t\t\t\t<div class=\"elementor-column elementor-col-50 elementor-top-column elementor-element elementor-element-3e81d92b\" data-id=\"3e81d92b\" data-element_type=\"column\">\n\t\t\t<div class=\"elementor-widget-wrap elementor-element-populated\">\n\t\t\t\t\t\t<div class=\"elementor-element elementor-element-1a349587 elementor-absolute elementor-widget elementor-widget-heading\" data-id=\"1a349587\" data-element_type=\"widget\" data-settings=\"{&quot;_position&quot;:&quot;absolute&quot;}\" data-widget_type=\"heading.default\">\n\t\t\t\t\t<h2 class=\"elementor-heading-title elementor-size-default\">D\u00e9roul\u00e9 d\u2019une s\u00e9ance type<\/h2>\t\t\t\t<\/div>\n\t\t<div class=\"elementor-element elementor-element-28a50af e-con-full e-flex e-con e-parent\" data-id=\"28a50af\" data-element_type=\"container\">\n\t\t\t\t<div class=\"elementor-element elementor-element-b2dcf3c elementor-widget elementor-widget-text-editor\" data-id=\"b2dcf3c\" data-element_type=\"widget\" data-widget_type=\"text-editor.default\">\n\t\t\t\t\t\t\t\t\t<section style=\"max-width: 1100px; margin: auto; padding: 4rem 2rem; font-size: 1.1rem; line-height: 1.8;\"><h4><b>\u00a0 \u00a0 \u00a0 \u00a0 \u00a0 \u00a0 \u00a0 \u00a0 \u00a0 \u00a0\ud83d\udeb4\u200d\u2642\ufe0f Initiation V\u00e9lo \u2013 D\u00e8s 3 ans<\/b><\/h4><h5>Apprendre \u00e0 faire du v\u00e9lo est une \u00e9tape essentielle dans le d\u00e9veloppement moteur et la confiance en soi d\u2019un enfant.<\/h5><h5>C\u2019est pourquoi je propose des sessions d\u2019initiation au v\u00e9lo d\u00e8s 3 ans, dans un environnement s\u00e9curis\u00e9 et bienveillant.<\/h5><h5>Ma m\u00e9thode repose sur une formation re\u00e7ue par un organisme sp\u00e9cialis\u00e9, o\u00f9 j\u2019ai anim\u00e9 de nombreux ateliers de motricit\u00e9 et d\u2019apprentissage pour les plus jeunes.<\/h5><h5>\u23f1 Dur\u00e9e : s\u00e9ances de 2 heures dans un city stade ou un espace prot\u00e9g\u00e9, parfait pour apprendre sans stress ni danger.<\/h5><h5 style=\"margin-top: 2rem;\">\u00a0D\u00e9roul\u00e9 type d\u2019une s\u00e9ance :<\/h5><ul style=\"padding-left: 1rem;\"><li><h5>D\u00e9couverte de la draisienne pour d\u00e9velopper l\u2019\u00e9quilibre<\/h5><\/li><li><h5>\u00a0Exercices progressifs : coordination, freinage, contr\u00f4le<\/h5><\/li><li><h5>Objectif final : d\u00e9part &amp; arr\u00eat en autonomie \u2013 <em>le vrai d\u00e9clic !<\/em><\/h5><\/li><\/ul><h5 style=\"margin-top: 1rem;\">\u00a0Les s\u00e9ances sont propos\u00e9es en individuel ou en duo, selon le besoin de l\u2019enfant.<\/h5><h5 style=\"background: #fef3c7; padding: 1rem; border-left: 4px solid #fbbf24; border-radius: 6px; margin-top: 1rem;\">\u00a0Tarif : 50\u20ac pour 2h (mat\u00e9riel non fourni \u2013 <em>location possible<\/em>).<\/h5><div>Cette m\u00e9thode a d\u00e9j\u00e0\u00a0fait ses preuves : progression rapide plaisir garanti et fiert\u00e9 d&rsquo;apprendre \u00e0 rouler \u00ab\u00a0comme un grand\u00a0\u00bb<\/div><\/section>\t\t\t\t\t\t\t\t<\/div>\n\t\t\t\t<\/div>\n\t\t\t\t\t<\/div>\n\t\t<\/div>\n\t\t\t\t<div class=\"elementor-column elementor-col-50 elementor-top-column elementor-element elementor-element-5a35b8c0\" data-id=\"5a35b8c0\" data-element_type=\"column\">\n\t\t\t<div class=\"elementor-widget-wrap elementor-element-populated\">\n\t\t\t\t\t\t<div class=\"elementor-element elementor-element-4447af38 elementor-absolute elementor-widget elementor-widget-image\" data-id=\"4447af38\" data-element_type=\"widget\" data-settings=\"{&quot;_position&quot;:&quot;absolute&quot;}\" data-widget_type=\"image.default\">\n\t\t\t\t\t\t\t\t\t\t\t\t\t\t\t<img decoding=\"async\" width=\"585\" height=\"1024\" src=\"https:\/\/www.kithimanimation.fr\/wp-content\/uploads\/2026\/01\/Gemini_Generated_Image_h69y5ah69y5ah69y-585x1024.png\" class=\"attachment-large size-large wp-image-1534\" alt=\"\" srcset=\"https:\/\/www.kithimanimation.fr\/wp-content\/uploads\/2026\/01\/Gemini_Generated_Image_h69y5ah69y5ah69y-585x1024.png 585w, https:\/\/www.kithimanimation.fr\/wp-content\/uploads\/2026\/01\/Gemini_Generated_Image_h69y5ah69y5ah69y-171x300.png 171w, https:\/\/www.kithimanimation.fr\/wp-content\/uploads\/2026\/01\/Gemini_Generated_Image_h69y5ah69y5ah69y.png 768w\" sizes=\"(max-width: 585px) 100vw, 585px\" \/>\t\t\t\t\t\t\t\t\t\t\t\t\t\t\t<\/div>\n\t\t\t\t\t<\/div>\n\t\t<\/div>\n\t\t\t\t\t<\/div>\n\t\t<\/section>\n\t\t<div class=\"elementor-element elementor-element-ce08c6f e-grid e-con-full e-con e-parent\" data-id=\"ce08c6f\" data-element_type=\"container\">\n\t\t\t\t<div class=\"elementor-element elementor-element-fdb48e1 elementor-widget elementor-widget-image\" data-id=\"fdb48e1\" data-element_type=\"widget\" data-widget_type=\"image.default\">\n\t\t\t\t\t\t\t\t\t\t\t\t\t\t\t<img decoding=\"async\" width=\"473\" height=\"1024\" src=\"https:\/\/www.kithimanimation.fr\/wp-content\/uploads\/2025\/11\/IMG_3113-473x1024.jpg\" class=\"attachment-large size-large wp-image-1253\" alt=\"\" srcset=\"https:\/\/www.kithimanimation.fr\/wp-content\/uploads\/2025\/11\/IMG_3113-473x1024.jpg 473w, https:\/\/www.kithimanimation.fr\/wp-content\/uploads\/2025\/11\/IMG_3113-139x300.jpg 139w, https:\/\/www.kithimanimation.fr\/wp-content\/uploads\/2025\/11\/IMG_3113-768x1663.jpg 768w, https:\/\/www.kithimanimation.fr\/wp-content\/uploads\/2025\/11\/IMG_3113-709x1536.jpg 709w, https:\/\/www.kithimanimation.fr\/wp-content\/uploads\/2025\/11\/IMG_3113-946x2048.jpg 946w, https:\/\/www.kithimanimation.fr\/wp-content\/uploads\/2025\/11\/IMG_3113.jpg 1125w\" sizes=\"(max-width: 473px) 100vw, 473px\" \/>\t\t\t\t\t\t\t\t\t\t\t\t\t\t\t<\/div>\n\t\t\t\t\t\t\t\n\t\t<img class=\"e-image-base e-bd5a85a-0933c46\"  \n\t\t\t\t\t\t\t\t\tid=\"1190\"\n\t\t\t\t\t\t\t\t\t\t\t\tsrc=\"https:\/\/www.kithimanimation.fr\/wp-content\/uploads\/2025\/11\/246E18CD-3158-48BE-ACCF-F7D97305A2F3-scaled.jpg\"\n\t\t\t\t\t\t\t\t\t\t\t\twidth=\"1198\"\n\t\t\t\t\t\t\t\t\t\t\t\theight=\"2560\"\n\t\t\t\t\t\t\t\t\t\t\t\tsrcset=\"https:\/\/www.kithimanimation.fr\/wp-content\/uploads\/2025\/11\/246E18CD-3158-48BE-ACCF-F7D97305A2F3-scaled.jpg 1198w, https:\/\/www.kithimanimation.fr\/wp-content\/uploads\/2025\/11\/246E18CD-3158-48BE-ACCF-F7D97305A2F3-140x300.jpg 140w, https:\/\/www.kithimanimation.fr\/wp-content\/uploads\/2025\/11\/246E18CD-3158-48BE-ACCF-F7D97305A2F3-479x1024.jpg 479w, https:\/\/www.kithimanimation.fr\/wp-content\/uploads\/2025\/11\/246E18CD-3158-48BE-ACCF-F7D97305A2F3-768x1642.jpg 768w, https:\/\/www.kithimanimation.fr\/wp-content\/uploads\/2025\/11\/246E18CD-3158-48BE-ACCF-F7D97305A2F3-719x1536.jpg 719w, https:\/\/www.kithimanimation.fr\/wp-content\/uploads\/2025\/11\/246E18CD-3158-48BE-ACCF-F7D97305A2F3-958x2048.jpg 958w\"\n\t\t\t\t\t\t\t\t\t\t\t\talt=\"\"\n\t\t\t\t\t\t\/>\n\t\t\t\t\t<div class=\"elementor-element elementor-element-755f833 elementor-widget elementor-widget-image\" data-id=\"755f833\" data-element_type=\"widget\" data-widget_type=\"image.default\">\n\t\t\t\t\t\t\t\t\t\t\t\t\t\t\t<img loading=\"lazy\" decoding=\"async\" width=\"768\" height=\"1628\" src=\"https:\/\/www.kithimanimation.fr\/wp-content\/uploads\/2025\/11\/IMG_3101-3-768x1628.jpg\" class=\"attachment-medium_large size-medium_large wp-image-1308\" alt=\"\" srcset=\"https:\/\/www.kithimanimation.fr\/wp-content\/uploads\/2025\/11\/IMG_3101-3-768x1628.jpg 768w, https:\/\/www.kithimanimation.fr\/wp-content\/uploads\/2025\/11\/IMG_3101-3-141x300.jpg 141w, https:\/\/www.kithimanimation.fr\/wp-content\/uploads\/2025\/11\/IMG_3101-3-483x1024.jpg 483w, https:\/\/www.kithimanimation.fr\/wp-content\/uploads\/2025\/11\/IMG_3101-3-724x1536.jpg 724w, https:\/\/www.kithimanimation.fr\/wp-content\/uploads\/2025\/11\/IMG_3101-3-966x2048.jpg 966w, https:\/\/www.kithimanimation.fr\/wp-content\/uploads\/2025\/11\/IMG_3101-3.jpg 1121w\" sizes=\"(max-width: 768px) 100vw, 768px\" \/>\t\t\t\t\t\t\t\t\t\t\t\t\t\t\t<\/div>\n\t\t\t\t<\/div>\n\t\t\t\t<section class=\"elementor-section elementor-top-section elementor-element elementor-element-9dd3068 elementor-section-boxed elementor-section-height-default elementor-section-height-default\" data-id=\"9dd3068\" data-element_type=\"section\" data-settings=\"{&quot;background_background&quot;:&quot;classic&quot;,&quot;shape_divider_top&quot;:&quot;tilt&quot;}\">\n\t\t\t\t\t<div class=\"elementor-shape elementor-shape-top\" aria-hidden=\"true\" data-negative=\"false\">\n\t\t\t<svg xmlns=\"http:\/\/www.w3.org\/2000\/svg\" viewBox=\"0 0 1000 100\" preserveAspectRatio=\"none\">\n\t<path class=\"elementor-shape-fill\" d=\"M0,6V0h1000v100L0,6z\"\/>\n<\/svg>\t\t<\/div>\n\t\t\t\t\t<div class=\"elementor-container elementor-column-gap-default\">\n\t\t\t\t\t<div class=\"elementor-column elementor-col-33 elementor-top-column elementor-element elementor-element-62d24027\" data-id=\"62d24027\" data-element_type=\"column\">\n\t\t\t<div class=\"elementor-widget-wrap elementor-element-populated\">\n\t\t\t\t\t\t<div class=\"elementor-element elementor-element-7bde5b1b elementor-widget elementor-widget-heading\" data-id=\"7bde5b1b\" data-element_type=\"widget\" data-widget_type=\"heading.default\">\n\t\t\t\t\t<h2 class=\"elementor-heading-title elementor-size-default\">\u00c2ge conseill\u00e9<\/h2>\t\t\t\t<\/div>\n\t\t\t\t<div class=\"elementor-element elementor-element-33a73655 elementor-absolute elementor-widget elementor-widget-text-editor\" data-id=\"33a73655\" data-element_type=\"widget\" data-settings=\"{&quot;_position&quot;:&quot;absolute&quot;}\" data-widget_type=\"text-editor.default\">\n\t\t\t\t\t\t\t\t\t<p>3\u201315 ans.<\/p>\t\t\t\t\t\t\t\t<\/div>\n\t\t\t\t\t<\/div>\n\t\t<\/div>\n\t\t\t\t<div class=\"elementor-column elementor-col-33 elementor-top-column elementor-element elementor-element-75dfaf37\" data-id=\"75dfaf37\" data-element_type=\"column\">\n\t\t\t<div class=\"elementor-widget-wrap elementor-element-populated\">\n\t\t\t\t\t\t<div class=\"elementor-element elementor-element-9f4d9b1 elementor-widget elementor-widget-heading\" data-id=\"9f4d9b1\" data-element_type=\"widget\" data-widget_type=\"heading.default\">\n\t\t\t\t\t<h2 class=\"elementor-heading-title elementor-size-default\">Dur\u00e9e &amp; lieu<\/h2>\t\t\t\t<\/div>\n\t\t\t\t<div class=\"elementor-element elementor-element-745e37ed elementor-widget elementor-widget-text-editor\" data-id=\"745e37ed\" data-element_type=\"widget\" data-widget_type=\"text-editor.default\">\n\t\t\t\t\t\t\t\t\t<p>S\u00e9ance de 2h\u00a0\u00a0<\/p><p>City stade\/parc s\u00e9curis\u00e9.<\/p>\t\t\t\t\t\t\t\t<\/div>\n\t\t\t\t\t<\/div>\n\t\t<\/div>\n\t\t\t\t<div class=\"elementor-column elementor-col-34 elementor-top-column elementor-element elementor-element-648ca019\" data-id=\"648ca019\" data-element_type=\"column\">\n\t\t\t<div class=\"elementor-widget-wrap elementor-element-populated\">\n\t\t\t\t\t\t<div class=\"elementor-element elementor-element-5d1bf72c elementor-widget elementor-widget-heading\" data-id=\"5d1bf72c\" data-element_type=\"widget\" data-widget_type=\"heading.default\">\n\t\t\t\t\t<h2 class=\"elementor-heading-title elementor-size-default\">Mat\u00e9riel<\/h2>\t\t\t\t<\/div>\n\t\t\t\t<div class=\"elementor-element elementor-element-68e59b25 elementor-widget elementor-widget-text-editor\" data-id=\"68e59b25\" data-element_type=\"widget\" data-widget_type=\"text-editor.default\">\n\t\t\t\t\t\t\t\t\t<p>V\u00e9lo + casque requis au minimum<\/p>\t\t\t\t\t\t\t\t<\/div>\n\t\t\t\t\t<\/div>\n\t\t<\/div>\n\t\t\t\t\t<\/div>\n\t\t<\/section>\n\t\t\t\t<section class=\"elementor-section elementor-top-section elementor-element elementor-element-4f304f61 elementor-section-boxed elementor-section-height-default elementor-section-height-default\" data-id=\"4f304f61\" data-element_type=\"section\" data-settings=\"{&quot;background_background&quot;:&quot;classic&quot;}\">\n\t\t\t\t\t\t<div class=\"elementor-container elementor-column-gap-default\">\n\t\t\t\t\t<div class=\"elementor-column elementor-col-100 elementor-top-column elementor-element elementor-element-6340ac07\" data-id=\"6340ac07\" data-element_type=\"column\">\n\t\t\t<div class=\"elementor-widget-wrap elementor-element-populated\">\n\t\t\t\t\t\t<div class=\"elementor-element elementor-element-64a2d98 elementor-widget elementor-widget-heading\" data-id=\"64a2d98\" data-element_type=\"widget\" data-widget_type=\"heading.default\">\n\t\t\t\t\t<h2 class=\"elementor-heading-title elementor-size-default\">Formules &amp; tarifs<\/h2>\t\t\t\t<\/div>\n\t\t\t\t<div class=\"elementor-element elementor-element-4062f7a7 elementor-widget elementor-widget-text-editor\" data-id=\"4062f7a7\" data-element_type=\"widget\" data-widget_type=\"text-editor.default\">\n\t\t\t\t\t\t\t\t\t<ul>\n<li>Individuel : 50\u20ac \/ 2h<\/li><li>Individuel 30 \u20ac\/1h<\/li>\n<li>Groupe : 30&nbsp;\u20ac\/pax&nbsp; \/ 2h Minimum 2 Pax Maximum 4 Pax&nbsp;<\/li>\n<\/ul>\t\t\t\t\t\t\t\t<\/div>\n\t\t\t\t<div class=\"elementor-element elementor-element-62ab0b5 elementor-widget elementor-widget-button\" data-id=\"62ab0b5\" data-element_type=\"widget\" data-widget_type=\"button.default\">\n\t\t\t\t\t\t\t\t\t\t<a class=\"elementor-button elementor-button-link elementor-size-sm\" href=\"\/#contact\">\n\t\t\t\t\t\t<span class=\"elementor-button-content-wrapper\">\n\t\t\t\t\t\t\t\t\t<span class=\"elementor-button-text\">Demander une r\u00e9servation<\/span>\n\t\t\t\t\t<\/span>\n\t\t\t\t\t<\/a>\n\t\t\t\t\t\t\t\t<\/div>\n\t\t\t\t\t<\/div>\n\t\t<\/div>\n\t\t\t\t\t<\/div>\n\t\t<\/section>\n\t\t\t\t<\/div>\n\t\t","protected":false},"excerpt":{"rendered":"<p>Sessions en ext\u00e9rieur Chaque enfant progresse \u00e0 son rythme, dans un climat de confiance, sans pression et sans distinction faite par niveau \u00e0 son inscription. Son plaisir d\u2019apprendre est pr\u00e9dominant tout au long de la s\u00e9ance ! R\u00e9server maintenant \u2190 Retour \u00e0 l\u2019accueil D\u00e9roul\u00e9 d\u2019une s\u00e9ance type \u00a0 \u00a0 \u00a0 \u00a0 \u00a0 \u00a0 \u00a0 \u00a0 [&hellip;]<\/p>\n","protected":false},"author":1,"featured_media":0,"parent":0,"menu_order":0,"comment_status":"closed","ping_status":"closed","template":"","meta":{"footnotes":""},"class_list":["post-277","page","type-page","status-publish","hentry"],"_links":{"self":[{"href":"https:\/\/www.kithimanimation.fr\/index.php\/wp-json\/wp\/v2\/pages\/277","targetHints":{"allow":["GET"]}}],"collection":[{"href":"https:\/\/www.kithimanimation.fr\/index.php\/wp-json\/wp\/v2\/pages"}],"about":[{"href":"https:\/\/www.kithimanimation.fr\/index.php\/wp-json\/wp\/v2\/types\/page"}],"author":[{"embeddable":true,"href":"https:\/\/www.kithimanimation.fr\/index.php\/wp-json\/wp\/v2\/users\/1"}],"replies":[{"embeddable":true,"href":"https:\/\/www.kithimanimation.fr\/index.php\/wp-json\/wp\/v2\/comments?post=277"}],"version-history":[{"count":150,"href":"https:\/\/www.kithimanimation.fr\/index.php\/wp-json\/wp\/v2\/pages\/277\/revisions"}],"predecessor-version":[{"id":1546,"href":"https:\/\/www.kithimanimation.fr\/index.php\/wp-json\/wp\/v2\/pages\/277\/revisions\/1546"}],"wp:attachment":[{"href":"https:\/\/www.kithimanimation.fr\/index.php\/wp-json\/wp\/v2\/media?parent=277"}],"curies":[{"name":"wp","href":"https:\/\/api.w.org\/{rel}","templated":true}]}}